{"id":3599,"date":"2025-05-07T00:41:13","date_gmt":"2025-05-06T22:41:13","guid":{"rendered":"https:\/\/sep-pirna.de\/o-nas\/"},"modified":"2026-01-15T11:34:25","modified_gmt":"2026-01-15T10:34:25","slug":"o-nas","status":"publish","type":"page","link":"https:\/\/sep-pirna.de\/cs\/o-nas\/","title":{"rendered":"O n\u00e1s"},"content":{"rendered":"<!--themify_builder_content-->\n<div id=\"themify_builder_content-3599\" data-postid=\"3599\" class=\"themify_builder_content themify_builder_content-3599 themify_builder tf_clear\">\n                    <div  data-lazy=\"1\" class=\"module_row themify_builder_row tb_w3oo193 tb_first tf_w\">\n                        <div class=\"row_inner col_align_top tb_col_count_1 tf_box tf_rel\">\n                        <div  data-lazy=\"1\" class=\"module_column tb-column col-full tb_wk2r195 first\">\n                    <!-- Slider Pro module -->\n<div  class=\"module module-pro-slider tb_nwou469 pager-standard pager-type-circle \" data-loop=\"\" data-autoplay=\"off\" data-hover-pause=\"pause\" data-timer-bar=\"\" data-slider-width=\"\" data-slider-height=\"400\" data-touch-swipe-desktop=\"1\" data-touch-swipe-mobile=\"1\" data-lazy=\"1\">\n\t\t\t\t<div class=\"slider-pro tf_rel tf_hidden tf_lazy\">\n\t\t\t\t\t\t<div class=\"sp-mask tf_rel tf_overflow\" style=\"height:400px\">\n\t\t\t\t<div class=\"sp-slides tf_rel\">\n\t\t\t\t\t\t\t\t\t\t\t\t\t\t\t\t\t<div class=\"sp-slide sp-slide-0 sp-slide-type-Image  sp-selected bsp-slide-content-right tf_w\" data-transition=\"slideTop\" data-duration=\"1\"  style=\"background-image:url(https:\/\/sep-pirna.de\/wp-content\/uploads\/2025\/06\/sep-1-1024x526-778x400.jpg)\">\n\t\t\t\t\t\t\t\t\t\t\t\t\t\t<div class=\"bsp-layers-overlay tf_rel tf_w\">\n\t\t\t\t\t\t\t\t<div class=\"sp-slide-wrap\">\n\t\t\t\t\t\t\t\t\t\t\t\t\t\t\t\t\t\t<div class=\"sp-slide-text tf_box\">\n\t\t\t\t\t\t\t\t\t\t\t\t\t\t\t\t\t\t\t\t\t<h3 class=\"sp-layer bsp-slide-post-title\"\n\t\t\t\t\t\t\t\t\t\t\t\t\t\t\t\t\t\t\t\t\t\t\t\tdata-show-transition=\"up\"\n\t\t\t\t\t\t\t\t\t\t\t\t\tdata-hide-transition=\"up\"\n\t\t\t\t\t\t\t\t\t\t\t\t\tdata-show-duration=\"1000\"\n\t\t\t\t\t\t\t\t\t\t\t\t\tdata-show-delay=\"300\"\n\t\t\t\t\t\t\t\t\t\t\t\t\tdata-hide-duration=\"1000\"\n\t\t\t\t\t\t\t\t\t\t\t\t\tdata-hide-delay=\"0\"\n\t\t\t\t\t\t\t\t\t\t\t\t>Stadtentwicklungsgesellschaft Pirna mbH\t\t\t\t\t\t\t\t\t\t\t<\/h3>\n\t\t\t\t\t\t\t\t\t\t\n\t\t\t\t\t\t\t\t\t\t\t\t\t\t\t\t\t\t\t\t\t<div class=\"sp-layer bsp-slide-excerpt\"\n\t\t\t\t\t\t\t\t\t\t\t\t\t\t\t\t\t\t\t\t\t\t\t\t data-show-transition=\"up\"\n\t\t\t\t\t\t\t\t\t\t\t\t\t data-hide-transition=\"up\"\n\t\t\t\t\t\t\t\t\t\t\t\t\t data-show-duration=\"1000\"\n\t\t\t\t\t\t\t\t\t\t\t\t\t data-show-delay=\"600\"\n\t\t\t\t\t\t\t\t\t\t\t\t\t data-hide-duration=\"1000\"\n\t\t\t\t\t\t\t\t\t\t\t\t\t data-hide-delay=\"0\"\n\t\t\t\t\t\t\t\t\t\t\t\t ><article class=\"hero-teaser lazy entered loaded\" title=\"1st mould\" data-bg=\"\/fileadmin\/_processed_\/9\/1\/csm_1st_mould_KOPFSATZ_GmbH_bf4815ebae.jpg\" data-ll-status=\"loaded\">\n<div class=\"hero-teaser__overlay\">\n<article class=\"hero-teaser lazy entered loaded\" title=\"Abwechslungsreiches Wohnen in Pirna\" data-bg=\"\/fileadmin\/_processed_\/b\/4\/csm_pirna-attraktiv-wohnen-guenstig-kaufen-uhlig_f030e0c0e3.jpg\" data-ll-status=\"loaded\">\n<div class=\"hero-teaser__overlay\">\n<h4 class=\"hero-teaser__content\"><span class=\"hero-teaser__name font--h1\">klein aber fein<\/span><\/h4>\n<div class=\"hero-teaser__hidden-mobile\">\n<p class=\"hero-teaser__description font--float-1 spacing-bottom--large dotdotdot\">Gewerbe- und Wohnstandorte, Wirtschaftsf\u00f6rderung, Projektsteuerung und Stadtmarketing<\/p>\n<\/div>\n<h6>\u00a9 Jens Dauterstedt<\/h6>\n<\/div>\n<\/article>\n<\/div>\n<\/article>\t\t\t\t\t\t\t\t\t\t\t<\/div>\n\t\t\t\t\t\t\t\t\t\t\t\t\t\t\t\t\t\t\t\t\t\n\t\t\t\t\t\t\t\t\t\t\t\t\t\t\t\t\t\t\t<\/div>\n\t\t\t\t\t\t\t\t\t<!-- \/sp-slide-text -->\n\t\t\t\t\t\t\t\t<\/div><!-- .sp-slide-wrap -->\n\t\t\t\t\t\t\t<\/div><!-- .bsp-layers-overlay -->\n\t\t\t\t\t\t<\/div><!-- .sp-slide -->\n\t\t\t\t\t\t\t\t\t<\/div><!-- .sp-slides -->\n\t\t\t<\/div>\n\t\t\t\t\t<\/div><!-- .slider-pro -->\n\t\t<style>\n.tb_nwou469 .sp-slide-0 .bsp-slide-excerpt,.tb_nwou469 .sp-slide-0 .bsp-slide-excerpt p,.tb_nwou469 .sp-slide-0 .sp-slide-text .bsp-slide-post-title{color:#ffffff}\n<\/style><\/div>\n<!-- \/Slider Pro module -->\n        <\/div>\n                        <\/div>\n        <\/div>\n                        <div  data-css_id=\"fevw552\" data-lazy=\"1\" class=\"module_row themify_builder_row fullwidth_row_container tb_fevw552 tf_w\">\n            <span class=\"tb_row_frame_wrap tf_overflow tf_abs\" data-lazy=\"1\"><span class=\"tb_row_frame tb_row_frame_top  tf_abs tf_hide tf_overflow tf_w\"><\/span><span class=\"tb_row_frame tb_row_frame_bottom  tf_abs tf_hide tf_overflow tf_w\"><\/span><\/span>            <div class=\"row_inner col_align_top tb_col_count_1 tf_box tf_rel\">\n                        <div  data-lazy=\"1\" class=\"module_column tb-column col-full tb_dww1552 first\">\n                    <!-- module text -->\n<div  class=\"module module-text tb_kpe2552   \" data-lazy=\"1\">\n        <div  class=\"tb_text_wrap\">\n        <nav aria-label=\"breadcrumbs\">\n            <div class=\"breadcrumb-container theme1\">\n                <ol>\n                    <li><a title=\"sep-pirna.de\" href=\"#\"><span>sep-pirna.de<\/span><\/a><span class=\"separator\">&gt;<\/span><\/li>\n                    <\/ol>\n            <\/div>\n        <\/nav>    <script type=\"application\/ld+json\">\n        {\n            \"@context\": \"http:\/\/schema.org\",\n            \"@type\": \"BreadcrumbList\",\n            \"itemListElement\": [\n                 {\n                            \"@type\": \"ListItem\",\n                            \"position\": 1,\n                            \"item\": {\n                                \"@id\": \"#\",\n                                \"name\": \"sep-pirna.de\"\n                            }\n                        }\n                                                    ]\n        }\n    <\/script>\n   \n    <script>\n            <\/script>\n    <\/div>\n<\/div>\n<!-- \/module text -->        <\/div>\n                        <\/div>\n        <\/div>\n                        <div  data-css_id=\"wkje728\" data-lazy=\"1\" class=\"module_row themify_builder_row fullwidth_row_container tb_wkje728 tf_w\">\n            <span class=\"tb_row_frame_wrap tf_overflow tf_abs\" data-lazy=\"1\"><span class=\"tb_row_frame tb_row_frame_top  tf_abs tf_hide tf_overflow tf_w\"><\/span><span class=\"tb_row_frame tb_row_frame_bottom  tf_abs tf_hide tf_overflow tf_w\"><\/span><\/span>            <div class=\"row_inner col_align_top tb_col_count_2 tf_box tf_rel\">\n                        <div  data-lazy=\"1\" class=\"module_column tb-column col4-2 tb_tpij728 first\">\n                    <!-- module text -->\n<div  class=\"module module-text tb_j7ol728   \" data-lazy=\"1\">\n        <div  class=\"tb_text_wrap\">\n        <div class=\"module module-text tb_5sto86\">\n<div class=\"tb_text_wrap\">\n<div class=\"content-block content-block--light content-block--small-space-before content-block--large-space-after\">\n<div class=\"content-block__padding\">\n<div class=\"text\">\n<div class=\"text-wrapper\">\n<div class=\"content-block content-block--light content-block--small-space-before content-block--large-space-after\">\n<div class=\"content-block__padding\">\n<div class=\"text\">\n<div class=\"text-wrapper\"><header>\n<div class=\"content-block__header\">\n<h1 class=\"font--h1 \" style=\"text-align: left;\">Die Stadtentwicklungsgesellschaft Pirna mbH<\/h1>\n<\/div>\n<\/header>Die Stadtentwicklungsgesellschaft Pirna mbH (SEP) ist eine der vier st\u00e4dtischen Tochteregsellschaftten der Stadt Pirna. Hier laufen die Aufgabenbereiche der Entwicklung, Erschlie\u00dfung und Vermarktung von Gewerbe- und Wohnstandorten zusammen.<\/div>\n<div class=\"text-wrapper\">Dar\u00fcber hinaus verantwortet die SEP auch die Wirtschaftsf\u00f6rderung der Stadt Pirna. Neben der Organisation der UnternehmerRunde ist vor allen Dingen die Kontaktvermittlung und die Begleitung von Unternehmen f\u00fcr investive Ma\u00dfnahmen f\u00fcr dieses Themenfeld charakteristisch.<\/div>\n<div class=\"text-wrapper\">Zus\u00e4tzlich zeichnet die SEP f\u00fcr die Projektsteuerung und Projektentwicklung verantwortlich. Die Errichtung und Vermietung von Gewerbehallen und die Ansiedlung von Gewerbeparks, aber auch eines Hortgeb\u00e4udes sowie die Sanierung von Wohn- und Gesch\u00e4ftsimmobilien bilden den Themenschwerpunkt der Porjektsteuerungsaufgaben. Zus\u00e4tzlich verantwortet die Stadtentwicklungsgesellschaft das Stadtmarketing als Dienstleister f\u00fcr die Stadt Pirna.\u00a0<\/div>\n<\/div>\n<\/div>\n<\/div>\n<\/div>\n<\/div>\n<\/div>\n<\/div>\n<\/div>\n<\/div>    <\/div>\n<\/div>\n<!-- \/module text -->        <\/div>\n                    <div  data-lazy=\"1\" class=\"module_column tb-column col4-2 tb_a2lv728 last\">\n                    <!-- module text -->\n<div  class=\"module module-text tb_1yt3728   \" data-lazy=\"1\">\n        <div  class=\"tb_text_wrap\">\n        <div class=\"module module-text tb_5sto86\">\n<div class=\"tb_text_wrap\">\n<h4 style=\"text-align: left;\">Stadtentwicklungsgesellschaft Pirna mbH<\/h4>\n<div style=\"text-align: left;\">\n<div>Breite Stra\u00dfe 2<\/div>\n<div>01796\u00a0Pirna<\/div>\n<\/div>\n<div style=\"text-align: left;\">Tel.: <a class=\"link link--tel\" href=\"tel:+49 3501 56890\">+49 3501 56890<\/a><\/div>\n<\/div>\n<\/div>    <\/div>\n<\/div>\n<!-- \/module text --><!-- module divider -->\n<div  class=\"module tf_mw module-divider tb_w609728 dotted   \" style=\"border-width: 1px;border-color: #000;\" data-lazy=\"1\">\n    <\/div>\n<!-- \/module divider -->\n<!-- module buttons -->\n<div  class=\"module module-buttons tb_jxmv728 buttons-horizontal solid  xlarge squared buttons-fullwidth\" data-lazy=\"1\">\n        <div class=\"module-buttons-item tf_in_flx\">\n                        <a href=\"https:\/\/sep-pirna.de\/kontakt\" class=\"ui builder_button tf_in_flx tb_default_color\" >\n                                    <em><svg  class=\"tf_fa tf-ti-angle-right\" xmlns:xlink=\"http:\/\/www.w3.org\/1999\/xlink\" aria-hidden=\"true\"><use href=\"#tf-ti-angle-right\" xlink:href=\"#tf-ti-angle-right\"><\/use><\/svg><\/em>                                        Kontakt                                        <\/a>\n                <\/div>\n            <\/div>\n<!-- \/module buttons -->\n        <\/div>\n                        <\/div>\n        <\/div>\n                        <div  data-css_id=\"oep4951\" data-lazy=\"1\" class=\"module_row themify_builder_row fullwidth_row_container tb_oep4951 tf_w\">\n            <span class=\"tb_row_frame_wrap tf_overflow tf_abs\" data-lazy=\"1\"><span class=\"tb_row_frame tb_row_frame_top  tf_abs tf_hide tf_overflow tf_w\"><\/span><span class=\"tb_row_frame tb_row_frame_bottom  tf_abs tf_hide tf_overflow tf_w\"><\/span><\/span>            <div class=\"row_inner col_align_top tb_col_count_4 tf_box tf_rel\">\n                        <div  data-lazy=\"1\" class=\"module_column tb-column col4-1 tb_10hn951 first\">\n                    <!-- module text -->\n<div  class=\"module module-text tb_4rjm951   \" data-lazy=\"1\">\n        <div  class=\"tb_text_wrap\">\n        <h3 class=\"font--h3 font--h--left\">T\u00fdm<\/h3>    <\/div>\n<\/div>\n<!-- \/module text --><!-- module image -->\n<div  class=\"module module-image tb_mdm1951 image-center   tf_mw\" data-lazy=\"1\">\n        <div class=\"image-wrap tf_rel tf_mw\">\n            <a href=\"https:\/\/www.pirna.de\/zielgruppen\/pirna-fuer-neu-pirnaer\/\" rel=\"noopener\" target=\"_blank\">\n                   <img loading=\"lazy\" decoding=\"async\" src=\"https:\/\/sep-pirna.de\/wp-content\/uploads\/2025\/06\/Kollegium-1024x434-400x300.jpg\" width=\"400\" height=\"300\" class=\"wp-post-image wp-image-3397\" title=\"Kollegium\" alt=\"\u00a9 Studio Romantic\/Fotolia\">        <\/a>\n    \n        <\/div>\n    <!-- \/image-wrap -->\n    \n        <div class=\"image-content\">\n                        <div class=\"image-caption tb_text_wrap\">\n            \u00a9 Studio Romantic\/Fotolia        <\/div>\n        <!-- \/image-caption -->\n            <\/div>\n    <!-- \/image-content -->\n        <\/div>\n<!-- \/module image --><!-- module divider -->\n<div  class=\"module tf_mw module-divider tb_2ej6951 dotted   \" style=\"border-width: 1px;border-color: #000;\" data-lazy=\"1\">\n    <\/div>\n<!-- \/module divider -->\n<!-- module buttons -->\n<div  class=\"module module-buttons tb_cha1951 buttons-horizontal solid  large squared buttons-fullwidth\" data-lazy=\"1\">\n        <div class=\"module-buttons-item tf_in_flx\">\n                        <a href=\"https:\/\/sep-pirna.de\/ueber-uns\/team\/\" class=\"ui builder_button tf_in_flx tb_default_color\" target=\"_blank\" rel=\"noopener\">\n                                    <em><svg  class=\"tf_fa tf-ti-angle-right\" xmlns:xlink=\"http:\/\/www.w3.org\/1999\/xlink\" aria-hidden=\"true\"><use href=\"#tf-ti-angle-right\" xlink:href=\"#tf-ti-angle-right\"><\/use><\/svg><\/em>                                        Informace o                                        <\/a>\n                <\/div>\n            <\/div>\n<!-- \/module buttons -->\n<!-- module divider -->\n<div  class=\"module tf_mw module-divider tb_8g9e951 dotted   \" style=\"border-width: 1px;border-color: #000;\" data-lazy=\"1\">\n    <\/div>\n<!-- \/module divider -->\n        <\/div>\n                    <div  data-lazy=\"1\" class=\"module_column tb-column col4-1 tb_r7x6951\">\n                    <!-- module text -->\n<div  class=\"module module-text tb_nvl4951   \" data-lazy=\"1\">\n        <div  class=\"tb_text_wrap\">\n        <h3 class=\"font--h3 font--h--left\">30 let SEP<\/h3>    <\/div>\n<\/div>\n<!-- \/module text --><!-- module image -->\n<div  class=\"module module-image tb_y7h0951 image-top   tf_mw\" data-lazy=\"1\">\n        <div class=\"image-wrap tf_rel tf_mw\">\n            <img loading=\"lazy\" decoding=\"async\" src=\"https:\/\/sep-pirna.de\/wp-content\/uploads\/2025\/06\/sep-1024x709-400x300.jpg\" width=\"400\" height=\"300\" class=\"wp-post-image wp-image-3401\" title=\"sep\" alt=\"Jens Dauterstedt\">    \n        <\/div>\n    <!-- \/image-wrap -->\n    \n        <div class=\"image-content\">\n                        <div class=\"image-caption tb_text_wrap\">\n            Jens Dauterstedt        <\/div>\n        <!-- \/image-caption -->\n            <\/div>\n    <!-- \/image-content -->\n        <\/div>\n<!-- \/module image --><!-- module divider -->\n<div  class=\"module tf_mw module-divider tb_283b951 dotted   \" style=\"border-width: 1px;border-color: #000;\" data-lazy=\"1\">\n    <\/div>\n<!-- \/module divider -->\n<!-- module buttons -->\n<div  class=\"module module-buttons tb_ps7s951 buttons-horizontal solid  large squared buttons-fullwidth\" data-lazy=\"1\">\n        <div class=\"module-buttons-item tf_in_flx\">\n                        <a href=\"https:\/\/sep-pirna.de\/ueber-uns\/30-jahre-sep\/\" class=\"ui builder_button tf_in_flx tb_default_color\" target=\"_blank\" rel=\"noopener\">\n                                                30 let SEP                                        <\/a>\n                <\/div>\n            <\/div>\n<!-- \/module buttons -->\n<!-- module divider -->\n<div  class=\"module tf_mw module-divider tb_yzp2951 dotted   \" style=\"border-width: 1px;border-color: #000;\" data-lazy=\"1\">\n    <\/div>\n<!-- \/module divider -->\n        <\/div>\n                    <div  data-lazy=\"1\" class=\"module_column tb-column col4-1 tb_6zah951\">\n                    <!-- module text -->\n<div  class=\"module module-text tb_w7mg951   \" data-lazy=\"1\">\n        <div  class=\"tb_text_wrap\">\n        <h3 class=\"font--h3 font--h--left\">Tiskov\u00e9 zpr\u00e1vy<\/h3>    <\/div>\n<\/div>\n<!-- \/module text --><!-- module image -->\n<div  class=\"module module-image tb_gz52951 image-top   tf_mw\" data-lazy=\"1\">\n        <div class=\"image-wrap tf_rel tf_mw\">\n            <img loading=\"lazy\" decoding=\"async\" src=\"https:\/\/sep-pirna.de\/wp-content\/uploads\/2025\/06\/AdobeStock_200523631-1024x391-400x300.jpg\" width=\"400\" height=\"300\" class=\"wp-post-image wp-image-3405\" title=\"AdobeStock_200523631\" alt=\"\u00a9 AdobeStock_200523631\">    \n        <\/div>\n    <!-- \/image-wrap -->\n    \n        <div class=\"image-content\">\n                        <div class=\"image-caption tb_text_wrap\">\n            \u00a9 AdobeStock_200523631        <\/div>\n        <!-- \/image-caption -->\n            <\/div>\n    <!-- \/image-content -->\n        <\/div>\n<!-- \/module image --><!-- module divider -->\n<div  class=\"module tf_mw module-divider tb_0cdf951 dotted   \" style=\"border-width: 1px;border-color: #000;\" data-lazy=\"1\">\n    <\/div>\n<!-- \/module divider -->\n<!-- module buttons -->\n<div  class=\"module module-buttons tb_cfrx951 buttons-horizontal solid  large squared buttons-fullwidth\" data-lazy=\"1\">\n        <div class=\"module-buttons-item tf_in_flx\">\n                        <a href=\"https:\/\/sep-pirna.de\/ueber-uns\/pressemitteilungen\/\" class=\"ui builder_button tf_in_flx tb_default_color\" target=\"_blank\" rel=\"noopener\">\n                                                Tisk                                        <\/a>\n                <\/div>\n            <\/div>\n<!-- \/module buttons -->\n<!-- module divider -->\n<div  class=\"module tf_mw module-divider tb_qz49951 dotted   \" style=\"border-width: 1px;border-color: #000;\" data-lazy=\"1\">\n    <\/div>\n<!-- \/module divider -->\n        <\/div>\n                    <div  data-lazy=\"1\" class=\"module_column tb-column col4-1 tb_ti4t951 last\">\n                    <!-- module text -->\n<div  class=\"module module-text tb_004c951   \" data-lazy=\"1\">\n        <div  class=\"tb_text_wrap\">\n        <h3 class=\"font--h3 font--h--left\">Projekty<\/h3>    <\/div>\n<\/div>\n<!-- \/module text --><!-- module image -->\n<div  class=\"module module-image tb_fyxq951 image-top   tf_mw\" data-lazy=\"1\">\n        <div class=\"image-wrap tf_rel tf_mw\">\n            <img loading=\"lazy\" decoding=\"async\" src=\"https:\/\/sep-pirna.de\/wp-content\/uploads\/2025\/05\/Unknown-1024x681-400x300.webp\" width=\"400\" height=\"300\" class=\"wp-post-image wp-image-3333\" title=\"Unknown\" alt=\"Rico Ulbricht\">    \n        <\/div>\n    <!-- \/image-wrap -->\n    \n        <div class=\"image-content\">\n                        <div class=\"image-caption tb_text_wrap\">\n            Rico Ulbricht        <\/div>\n        <!-- \/image-caption -->\n            <\/div>\n    <!-- \/image-content -->\n        <\/div>\n<!-- \/module image --><!-- module divider -->\n<div  class=\"module tf_mw module-divider tb_5loe951 dotted   \" style=\"border-width: 1px;border-color: #000;\" data-lazy=\"1\">\n    <\/div>\n<!-- \/module divider -->\n<!-- module buttons -->\n<div  class=\"module module-buttons tb_d10s951 buttons-horizontal solid  large squared buttons-fullwidth\" data-lazy=\"1\">\n        <div class=\"module-buttons-item tf_in_flx\">\n                        <a href=\"https:\/\/sep-pirna.de\/ueber-uns\/abgeschlossene-projekte\/\" class=\"ui builder_button tf_in_flx tb_default_color\" target=\"_blank\" rel=\"noopener\">\n                                                Projekty                                        <\/a>\n                <\/div>\n            <\/div>\n<!-- \/module buttons -->\n<!-- module divider -->\n<div  class=\"module tf_mw module-divider tb_j70n951 dotted   \" style=\"border-width: 1px;border-color: #000;\" data-lazy=\"1\">\n    <\/div>\n<!-- \/module divider -->\n        <\/div>\n                        <\/div>\n        <\/div>\n        <\/div>\n<!--\/themify_builder_content-->","protected":false},"excerpt":{"rendered":"<p>Stadtentwicklungsgesellschaft Pirna mbH klein aber fein Gewerbe- und Wohnstandorte, Wirtschaftsf\u00f6rderung, Projektsteuerung und Stadtmarketing \u00a9 Jens Dauterstedt Die Stadtentwicklungsgesellschaft Pirna mbH Die Stadtentwicklungsgesellschaft Pirna mbH (SEP) ist eine der vier st\u00e4dtischen Tochteregsellschaftten der Stadt Pirna. Hier laufen die Aufgabenbereiche der Entwicklung, Erschlie\u00dfung und Vermarktung von Gewerbe- und Wohnstandorten zusammen. Dar\u00fcber hinaus verantwortet die SEP auch die [&hellip;]<\/p>\n","protected":false},"author":1,"featured_media":0,"parent":0,"menu_order":0,"comment_status":"closed","ping_status":"closed","template":"","meta":{"footnotes":""},"class_list":["post-3599","page","type-page","status-publish","hentry","has-post-title","has-post-date","has-post-category","has-post-tag","has-post-comment","has-post-author",""],"builder_content":"<h3 data-show-transition=\"up\" data-hide-transition=\"up\" data-show-duration=\"1000\" data-show-delay=\"300\" data-hide-duration=\"1000\" data-hide-delay=\"0\" >Stadtentwicklungsgesellschaft Pirna mbH <\/h3> <article title=\"1st mould\" data-bg=\"\/fileadmin\/_processed_\/9\/1\/csm_1st_mould_KOPFSATZ_GmbH_bf4815ebae.jpg\" data-ll-status=\"loaded\">\n<article title=\"Abwechslungsreiches Wohnen in Pirna\" data-bg=\"\/fileadmin\/_processed_\/b\/4\/csm_pirna-attraktiv-wohnen-guenstig-kaufen-uhlig_f030e0c0e3.jpg\" data-ll-status=\"loaded\">\n<h4>klein aber fein<\/h4>\n<p>Gewerbe- und Wohnstandorte, Wirtschaftsf\u00f6rderung, Projektsteuerung und Stadtmarketing<\/p>\n<h6>\u00a9 Jens Dauterstedt<\/h6>\n<\/article>\n<\/article>\n<p>[breadcrumb]<\/p>\n<header>\n<h1 style=\"text-align: left;\">Die Stadtentwicklungsgesellschaft Pirna mbH<\/h1>\n<\/header>Die Stadtentwicklungsgesellschaft Pirna mbH (SEP) ist eine der vier st\u00e4dtischen Tochteregsellschaftten der Stadt Pirna. Hier laufen die Aufgabenbereiche der Entwicklung, Erschlie\u00dfung und Vermarktung von Gewerbe- und Wohnstandorten zusammen. Dar\u00fcber hinaus verantwortet die SEP auch die Wirtschaftsf\u00f6rderung der Stadt Pirna. Neben der Organisation der UnternehmerRunde ist vor allen Dingen die Kontaktvermittlung und die Begleitung von Unternehmen f\u00fcr investive Ma\u00dfnahmen f\u00fcr dieses Themenfeld charakteristisch. Zus\u00e4tzlich zeichnet die SEP f\u00fcr die Projektsteuerung und Projektentwicklung verantwortlich. Die Errichtung und Vermietung von Gewerbehallen und die Ansiedlung von Gewerbeparks, aber auch eines Hortgeb\u00e4udes sowie die Sanierung von Wohn- und Gesch\u00e4ftsimmobilien bilden den Themenschwerpunkt der Porjektsteuerungsaufgaben. Zus\u00e4tzlich verantwortet die Stadtentwicklungsgesellschaft das Stadtmarketing als Dienstleister f\u00fcr die Stadt Pirna.\u00a0\n<h4 style=\"text-align: left;\">Stadtentwicklungsgesellschaft Pirna mbH<\/h4>\nBreite Stra\u00dfe 2 01796\u00a0Pirna\nTel.: <a href=\"tel:+49 3501 56890\">+49 3501 56890<\/a>\n\n<a href=\"https:\/\/sep-pirna.de\/kontakt\" > <em><svg xmlns:xlink=\"http:\/\/www.w3.org\/1999\/xlink\" aria-hidden=\"true\"><use href=\"#tf-ti-angle-right\" xlink:href=\"#tf-ti-angle-right\"><\/use><\/svg><\/em> Kontakt <\/a>\n<h3>T\u00fdm<\/h3>\n<a href=\"https:\/\/www.pirna.de\/zielgruppen\/pirna-fuer-neu-pirnaer\/\" rel=\"noopener\" target=\"_blank\"> <img src=\"https:\/\/sep-pirna.de\/wp-content\/uploads\/2025\/06\/Kollegium-1024x434-400x300.jpg\" width=\"400\" height=\"300\" title=\"Kollegium\" alt=\"\u00a9 Studio Romantic\/Fotolia\"> <\/a> \u00a9 Studio Romantic\/Fotolia\n\n<a href=\"https:\/\/sep-pirna.de\/ueber-uns\/team\/\" target=\"_blank\" rel=\"noopener\"> <em><svg xmlns:xlink=\"http:\/\/www.w3.org\/1999\/xlink\" aria-hidden=\"true\"><use href=\"#tf-ti-angle-right\" xlink:href=\"#tf-ti-angle-right\"><\/use><\/svg><\/em> Informace o <\/a>\n\n<h3>30 let SEP<\/h3>\n<img src=\"https:\/\/sep-pirna.de\/wp-content\/uploads\/2025\/06\/sep-1024x709-400x300.jpg\" width=\"400\" height=\"300\" title=\"sep\" alt=\"Jens Dauterstedt\"> Jens Dauterstedt\n\n<a href=\"https:\/\/sep-pirna.de\/ueber-uns\/30-jahre-sep\/\" target=\"_blank\" rel=\"noopener\"> 30 let SEP <\/a>\n\n<h3>Tiskov\u00e9 zpr\u00e1vy<\/h3>\n<img src=\"https:\/\/sep-pirna.de\/wp-content\/uploads\/2025\/06\/AdobeStock_200523631-1024x391-400x300.jpg\" width=\"400\" height=\"300\" title=\"AdobeStock_200523631\" alt=\"\u00a9 AdobeStock_200523631\"> \u00a9 AdobeStock_200523631\n\n<a href=\"https:\/\/sep-pirna.de\/ueber-uns\/pressemitteilungen\/\" target=\"_blank\" rel=\"noopener\"> Tisk <\/a>\n\n<h3>Projekty<\/h3>\n<img src=\"https:\/\/sep-pirna.de\/wp-content\/uploads\/2025\/05\/Unknown-1024x681-400x300.webp\" width=\"400\" height=\"300\" title=\"Unknown\" alt=\"Rico Ulbricht\"> Rico Ulbricht\n\n<a href=\"https:\/\/sep-pirna.de\/ueber-uns\/abgeschlossene-projekte\/\" target=\"_blank\" rel=\"noopener\"> Projekty <\/a>\n","_links":{"self":[{"href":"https:\/\/sep-pirna.de\/cs\/wp-json\/wp\/v2\/pages\/3599","targetHints":{"allow":["GET"]}}],"collection":[{"href":"https:\/\/sep-pirna.de\/cs\/wp-json\/wp\/v2\/pages"}],"about":[{"href":"https:\/\/sep-pirna.de\/cs\/wp-json\/wp\/v2\/types\/page"}],"author":[{"embeddable":true,"href":"https:\/\/sep-pirna.de\/cs\/wp-json\/wp\/v2\/users\/1"}],"replies":[{"embeddable":true,"href":"https:\/\/sep-pirna.de\/cs\/wp-json\/wp\/v2\/comments?post=3599"}],"version-history":[{"count":13,"href":"https:\/\/sep-pirna.de\/cs\/wp-json\/wp\/v2\/pages\/3599\/revisions"}],"predecessor-version":[{"id":4436,"href":"https:\/\/sep-pirna.de\/cs\/wp-json\/wp\/v2\/pages\/3599\/revisions\/4436"}],"wp:attachment":[{"href":"https:\/\/sep-pirna.de\/cs\/wp-json\/wp\/v2\/media?parent=3599"}],"curies":[{"name":"wp","href":"https:\/\/api.w.org\/{rel}","templated":true}]}}