{"id":3537,"date":"2025-05-05T20:07:20","date_gmt":"2025-05-05T18:07:20","guid":{"rendered":"https:\/\/sep-pirna.de\/obchodni-park-sonnenstein\/"},"modified":"2025-07-14T09:20:31","modified_gmt":"2025-07-14T07:20:31","slug":"obchodni-park-sonnenstein","status":"publish","type":"page","link":"https:\/\/sep-pirna.de\/cs\/investovani-v-pirne\/komercni-mista\/obchodni-park-sonnenstein\/","title":{"rendered":"Obchodn\u00ed park Sonnenstein"},"content":{"rendered":"<!--themify_builder_content-->\n<div id=\"themify_builder_content-3537\" data-postid=\"3537\" class=\"themify_builder_content themify_builder_content-3537 themify_builder tf_clear\">\n                    <div  data-lazy=\"1\" class=\"module_row themify_builder_row tb_fli267 tb_first tf_w\" data-tbfullwidthvideo=\"https:\/\/sep-pirna.de\/wp-content\/uploads\/2025\/05\/sonnenstein.mp4\" data-unloopvideo=\"unloop\">\n                        <div class=\"row_inner col_align_top tb_col_count_1 tf_box tf_rel\">\n                        <div  data-lazy=\"1\" class=\"module_column tb-column col-full tb_dgvl68 first\">\n                    <!-- module text -->\n<div  class=\"module module-text tb_jyou363   \" data-lazy=\"1\">\n        <div  class=\"tb_text_wrap\">\n        <h1 class=\"font--h3 font--h--left\" style=\"text-align: center;\">Obchodn\u00ed park Sonnenstein<\/h1>    <\/div>\n<\/div>\n<!-- \/module text --><!-- module text -->\n<div  class=\"module module-text tb_n890637   \" data-lazy=\"1\">\n        <div  class=\"tb_text_wrap\">\n        <h6><span style=\"color: #ffffff;\">\u00a9 ELBTAL.DIGITAL<\/span><\/h6>    <\/div>\n<\/div>\n<!-- \/module text -->        <\/div>\n                        <\/div>\n        <\/div>\n                        <div  data-lazy=\"1\" class=\"module_row themify_builder_row tb_d2vj566 tf_w\">\n                        <div class=\"row_inner col_align_top tb_col_count_2 tf_box tf_rel\">\n                        <div  data-lazy=\"1\" class=\"module_column tb-column col4-2 tb_jtlc566 first\">\n                    <!-- module text -->\n<div  class=\"module module-text tb_rndd566   \" data-lazy=\"1\">\n        <div  class=\"tb_text_wrap\">\n        <div class=\"content-block content-block--light content-block--large-space-after\">\n<div class=\"content-block__padding\">\n<div class=\"text\">\n<div class=\"text-wrapper\">\n<div class=\"content-block content-block--light content-block--small-space-before \">\n<div class=\"content-block__padding\"><header>\n<div class=\"content-block__header\">\n<h2 class=\"font--h1 \">Obchodn\u00ed park Sonnenstein<\/h2>\n<\/div>\n<\/header><\/div>\n<\/div>\n<div class=\"content-block content-block--light content-block--large-space-after\">\n<div class=\"content-block__padding\">\n<div class=\"text\">\n<div class=\"text-wrapper\">\n<p>V tomto obchodn\u00edm parku se v posledn\u00edch letech rozvinula pestr\u00e1 sm\u011bsice firem. Od sousedn\u00ed obytn\u00e9 z\u00f3ny ho odd\u011bluje rozs\u00e1hl\u00fd p\u00e1s zelen\u011b. D\u00edky nov\u00e9mu obchvatu B 172 (dokon\u010den\u00ed v roce 2026) a s n\u00edm spojen\u00e9mu rychlej\u0161\u00edmu napojen\u00ed na d\u00e1lnici A 17 se lokalita stane je\u0161t\u011b atraktivn\u011bj\u0161\u00ed pro nov\u00e1 s\u00eddla a je zaj\u00edmav\u00e1 zejm\u00e9na pro mal\u00e9 podniky, slu\u017eby a \u017eivnosti.  <\/p>\n<p>V obchodn\u00edm parku Sonnenstein I je k dispozici posledn\u00ed pozemek pro komer\u010dn\u00ed vyu\u017eit\u00ed. Na pozemku je povolena stavba do v\u00fd\u0161ky deseti metr\u016f s plochou st\u0159echou. P\u0159i zastav\u011bn\u00ed pozemku mus\u00ed b\u00fdt na stavebn\u00ed parcelu prodlou\u017eeny sousedn\u00ed stavebn\u00ed \u010d\u00e1ry v ulici Longuyoner Stra\u00dfe.  <\/p>\n<p><strong>Plocha pozemku: 4 893 m\u00b2<\/strong><\/p>\n<p><strong>Kupn\u00ed cena: 90 \u20ac\/m\u00b2 (netto)<\/strong><\/p>\n<\/div>\n<\/div>\n<\/div>\n<\/div>\n<\/div>\n<\/div>\n<\/div>\n<\/div>    <\/div>\n<\/div>\n<!-- \/module text -->        <\/div>\n                    <div  data-lazy=\"1\" class=\"module_column tb-column col4-2 tb_iwte885 last\">\n                    <!-- module text -->\n<div  class=\"module module-text tb_7t0c885   \" data-lazy=\"1\">\n        <div  class=\"tb_text_wrap\">\n        <div class=\"module module-text tb_5sto86\">\n<div class=\"tb_text_wrap\">\n<h4 style=\"text-align: left;\">Stadtentwicklungsgesellschaft Pirna mbH &#8211; Hospod\u00e1\u0159sk\u00fd rozvoj<\/h4>\n<div style=\"text-align: left;\">\n<div>Breite Stra\u00dfe 2<\/div>\n<div>01796 Pirna<\/div>\n<\/div>\n<div style=\"text-align: left;\">Telefon: <a class=\"link link--tel\" href=\"tel:+49%203501%2056890\">+49 3501 56890<\/a><\/div>\n<\/div>\n<\/div>    <\/div>\n<\/div>\n<!-- \/module text --><!-- module divider -->\n<div  class=\"module tf_mw module-divider tb_0916885 dotted   \" style=\"border-width: 1px;border-color: #000;\" data-lazy=\"1\">\n    <\/div>\n<!-- \/module divider -->\n<!-- module buttons -->\n<div  class=\"module module-buttons tb_xhx6885 buttons-horizontal solid  xlarge squared buttons-fullwidth\" data-lazy=\"1\">\n        <div class=\"module-buttons-item tf_in_flx\">\n                        <a href=\"https:\/\/sep-pirna.de\/kontakt\" class=\"ui builder_button tf_in_flx tb_default_color\" >\n                                    <em><svg  class=\"tf_fa tf-ti-angle-right\" xmlns:xlink=\"http:\/\/www.w3.org\/1999\/xlink\" aria-hidden=\"true\"><use href=\"#tf-ti-angle-right\" xlink:href=\"#tf-ti-angle-right\"><\/use><\/svg><\/em>                                        Kontaktujte n\u00e1s                                        <\/a>\n                <\/div>\n            <\/div>\n<!-- \/module buttons -->\n        <\/div>\n                        <\/div>\n        <\/div>\n                        <div  data-css_id=\"4c21357\" data-lazy=\"1\" class=\"module_row themify_builder_row fullwidth_row_container tb_4c21357 tf_w\">\n            <span class=\"tb_row_frame_wrap tf_overflow tf_abs\" data-lazy=\"1\"><span class=\"tb_row_frame tb_row_frame_top  tf_abs tf_hide tf_overflow tf_w\"><\/span><span class=\"tb_row_frame tb_row_frame_bottom  tf_abs tf_hide tf_overflow tf_w\"><\/span><\/span>            <div class=\"row_inner col_align_top tb_col_count_4 tf_box tf_rel\">\n                        <div  data-lazy=\"1\" class=\"module_column tb-column col4-1 tb_afg3357 first\">\n                    <!-- module text -->\n<div  class=\"module module-text tb_84rp357   \" data-lazy=\"1\">\n        <div  class=\"tb_text_wrap\">\n        <div class=\"box__padding\">\n<div class=\"box__heading-container\">\n<div class=\"content-block__header\">\n<h3 class=\"font--h2 font--h--left\">Nab\u00edz\u00edme<\/h3>\n<\/div>\n<\/div>\n<\/div>    <\/div>\n<\/div>\n<!-- \/module text --><!-- module divider -->\n<div  class=\"module tf_mw module-divider tb_komo111 dotted   \" style=\"border-width: 1px;border-color: #000;\" data-lazy=\"1\">\n    <\/div>\n<!-- \/module divider -->\n<!-- module text -->\n<div  class=\"module module-text tb_vy1b531   \" data-lazy=\"1\">\n        <div  class=\"tb_text_wrap\">\n        <div class=\"box__padding box__padding--no-top\">\n<div class=\"box__padding box__padding--no-top\">\n<div class=\"box__padding box__padding--no-top\">\n<p>mal\u00e1, kompaktn\u00ed lokalita na hranici m\u011bsta sm\u011brem do \u010cesk\u00e9 republiky s pestrou nab\u00eddkou maloobchodu, obchodu a slu\u017eeb.<\/p>\n<\/div>\n<\/div>\n<\/div>    <\/div>\n<\/div>\n<!-- \/module text --><!-- module divider -->\n<div  class=\"module tf_mw module-divider tb_i8br299 dotted   \" style=\"border-width: 1px;border-color: #000;\" data-lazy=\"1\">\n    <\/div>\n<!-- \/module divider -->\n<!-- module buttons -->\n<div  class=\"module module-buttons tb_b6gh943 buttons-horizontal solid  large squared buttons-fullwidth\" data-lazy=\"1\">\n        <div class=\"module-buttons-item tf_in_flx\">\n                        <a href=\"https:\/\/sep-pirna.de\/wp-content\/uploads\/2025\/05\/Expose_IGP.pdf\" class=\"ui builder_button tf_in_flx tb_default_color\" target=\"_blank\" rel=\"noopener\">\n                                    <em><svg  class=\"tf_fa tf-far-file-pdf\" xmlns:xlink=\"http:\/\/www.w3.org\/1999\/xlink\" aria-hidden=\"true\"><use href=\"#tf-far-file-pdf\" xlink:href=\"#tf-far-file-pdf\"><\/use><\/svg><\/em>                                        Vystavit                                        <\/a>\n                <\/div>\n            <\/div>\n<!-- \/module buttons -->\n        <\/div>\n                    <div  data-lazy=\"1\" class=\"module_column tb-column col4-1 tb_ug60357\">\n                    <!-- module text -->\n<div  class=\"module module-text tb_kum7419   \" data-lazy=\"1\">\n        <div  class=\"tb_text_wrap\">\n        <h3>Um\u00edst\u011bn\u00ed<\/h3>    <\/div>\n<\/div>\n<!-- \/module text --><!-- module divider -->\n<div  class=\"module tf_mw module-divider tb_w60c501 dotted   \" style=\"border-width: 1px;border-color: #000;\" data-lazy=\"1\">\n    <\/div>\n<!-- \/module divider -->\n<!-- module text -->\n<div  class=\"module module-text tb_wapy282   \" data-lazy=\"1\">\n        <div  class=\"tb_text_wrap\">\n        <p>Na m\u00edsto se snadno dostanete po silnici B 172. Po dokon\u010den\u00ed obchvatu B 172 bude podnikatelsk\u00fd park je\u0161t\u011b l\u00e9pe propojen s okol\u00edm. <\/p>    <\/div>\n<\/div>\n<!-- \/module text --><!-- module divider -->\n<div  class=\"module tf_mw module-divider tb_gn1g59 dotted   \" style=\"border-width: 1px;border-color: #000;\" data-lazy=\"1\">\n    <\/div>\n<!-- \/module divider -->\n<!-- module buttons -->\n<div  class=\"module module-buttons tb_3my5496 buttons-horizontal solid  large squared buttons-fullwidth\" data-lazy=\"1\">\n        <div class=\"module-buttons-item tf_in_flx\">\n                        <a href=\"https:\/\/sep-pirna.de\/wp-content\/uploads\/2025\/05\/Flurkarte_1593-218-sonnenstein.pdf\" class=\"ui builder_button tf_in_flx tb_default_color\" >\n                                    <em><svg  class=\"tf_fa tf-far-file-pdf\" xmlns:xlink=\"http:\/\/www.w3.org\/1999\/xlink\" aria-hidden=\"true\"><use href=\"#tf-far-file-pdf\" xlink:href=\"#tf-far-file-pdf\"><\/use><\/svg><\/em>                                        Mapa parcel                                        <\/a>\n                <\/div>\n            <\/div>\n<!-- \/module buttons -->\n        <\/div>\n                    <div  data-lazy=\"1\" class=\"module_column tb-column col4-1 tb_2fxb723\">\n                    <!-- module text -->\n<div  class=\"module module-text tb_t9a6723   \" data-lazy=\"1\">\n        <div  class=\"tb_text_wrap\">\n        <h3 class=\"font--h3 font--h--left\">Nab\u00eddka<\/h3>    <\/div>\n<\/div>\n<!-- \/module text --><!-- module divider -->\n<div  class=\"module tf_mw module-divider tb_uj8i723 dotted   \" style=\"border-width: 1px;border-color: #000;\" data-lazy=\"1\">\n    <\/div>\n<!-- \/module divider -->\n<!-- module text -->\n<div  class=\"module module-text tb_7ju3723   \" data-lazy=\"1\">\n        <div  class=\"tb_text_wrap\">\n        <div class=\"box__padding box__padding--no-top\">\n<div class=\"box__padding box__padding--no-top\">\n<div class=\"box__padding\">\n<div class=\"box__heading-container\">\n<div class=\"content-block__header\">\n<p class=\"font--h2 font--h--left\">Zaj\u00edmav\u00e1 komer\u010dn\u00ed nemovitost se nach\u00e1z\u00ed na okraji m\u011bsta Pirna sm\u011brem do \u010cesk\u00e9 republiky.<\/p>\n<\/div>\n<\/div>\n<\/div>\n<\/div>\n<\/div>    <\/div>\n<\/div>\n<!-- \/module text --><!-- module divider -->\n<div  class=\"module tf_mw module-divider tb_lm5r652 dotted   \" style=\"border-width: 1px;border-color: #000;\" data-lazy=\"1\">\n    <\/div>\n<!-- \/module divider -->\n<!-- module buttons -->\n<div  class=\"module module-buttons tb_3j8p991 buttons-horizontal solid  large squared buttons-fullwidth\" data-lazy=\"1\">\n        <div class=\"module-buttons-item tf_in_flx\">\n                        <a href=\"https:\/\/sep-pirna.de\/wp-content\/uploads\/2025\/05\/Bebauungsplan_Sonnenstein_1.pdf\" class=\"ui builder_button tf_in_flx tb_default_color\" target=\"_blank\" rel=\"noopener\">\n                                    <em><svg  class=\"tf_fa tf-far-file-pdf\" xmlns:xlink=\"http:\/\/www.w3.org\/1999\/xlink\" aria-hidden=\"true\"><use href=\"#tf-far-file-pdf\" xlink:href=\"#tf-far-file-pdf\"><\/use><\/svg><\/em>                                        Pl\u00e1n rozvoje                                        <\/a>\n                <\/div>\n            <\/div>\n<!-- \/module buttons -->\n        <\/div>\n                    <div  data-lazy=\"1\" class=\"module_column tb-column col4-1 tb_v63h906 last\">\n                    <!-- module text -->\n<div  class=\"module module-text tb_3zcx906   \" data-lazy=\"1\">\n        <div  class=\"tb_text_wrap\">\n        <h3 class=\"font--h3 font--h--left\">Dal\u0161\u00ed m\u00edsta<\/h3>    <\/div>\n<\/div>\n<!-- \/module text --><!-- module divider -->\n<div  class=\"module tf_mw module-divider tb_tf2r906 dotted   \" style=\"border-width: 1px;border-color: #000;\" data-lazy=\"1\">\n    <\/div>\n<!-- \/module divider -->\n<!-- module text -->\n<div  class=\"module module-text tb_xph9906   \" data-lazy=\"1\">\n        <div  class=\"tb_text_wrap\">\n        <div class=\"box__padding box__padding--no-top\">\n<div class=\"box__padding box__padding--no-top\">\n<p>SEP se sna\u017e\u00ed, aby se Pirna i nad\u00e1le etablovala jako siln\u00e9 st\u0159edn\u011b velk\u00e9 centrum v r\u016fstov\u00e9m regionu Dr\u00e1\u017e\u010fany, a v\u011bnuje se zejm\u00e9na ot\u00e1zk\u00e1m os\u00eddlen\u00ed.<\/p>\n<\/div>\n<\/div>    <\/div>\n<\/div>\n<!-- \/module text --><!-- module divider -->\n<div  class=\"module tf_mw module-divider tb_eziu906 dotted   \" style=\"border-width: 1px;border-color: #000;\" data-lazy=\"1\">\n    <\/div>\n<!-- \/module divider -->\n<!-- module buttons -->\n<div  class=\"module module-buttons tb_n9h2906 buttons-horizontal solid  large squared buttons-fullwidth\" data-lazy=\"1\">\n        <div class=\"module-buttons-item tf_in_flx\">\n                        <a href=\"https:\/\/sep-pirna.de\/investieren-in-pirna\/gewerbestandorte\/\" class=\"ui builder_button tf_in_flx tb_default_color\" >\n                                    <em><svg  class=\"tf_fa tf-ti-angle-right\" xmlns:xlink=\"http:\/\/www.w3.org\/1999\/xlink\" aria-hidden=\"true\"><use href=\"#tf-ti-angle-right\" xlink:href=\"#tf-ti-angle-right\"><\/use><\/svg><\/em>                                        Komer\u010dn\u00ed m\u00edsta                                        <\/a>\n                <\/div>\n            <\/div>\n<!-- \/module buttons -->\n        <\/div>\n                        <\/div>\n        <\/div>\n                        <div  data-lazy=\"1\" class=\"module_row themify_builder_row tb_j5nr983 tf_w\">\n                        <div class=\"row_inner col_align_top tb_col_count_1 tf_box tf_rel\">\n                        <div  data-lazy=\"1\" class=\"module_column tb-column col-full tb_a6gq983 first\">\n                    <!-- module text -->\n<div  class=\"module module-text tb_894a983   \" data-lazy=\"1\">\n        <div  class=\"tb_text_wrap\">\n        <h3 style=\"text-align: center;\">Pr\u016fmyslov\u00fd park Horn\u00ed Labe (IPO)<\/h3>\n<div class=\"big-teaser__description font--float-1 spacing-bottom--large dotdotdot\" style=\"text-align: center;\">Pilotn\u00ed projekt, kter\u00fd je v regionu ojedin\u011bl\u00fd, je v\u00fdsledkem spolupr\u00e1ce m\u011bst Dohna, Heidenau a Pirna. <br>Obce na jeho realizaci \u00fazce spolupracuj\u00ed.<br><a href=\"https:\/\/www.zv-ipo.de\/\" target=\"_blank\" rel=\"noopener\">na \u00favodn\u00ed str\u00e1nku<\/a><\/div>    <\/div>\n<\/div>\n<!-- \/module text -->        <\/div>\n                        <\/div>\n        <\/div>\n        <\/div>\n<!--\/themify_builder_content-->","protected":false},"excerpt":{"rendered":"<p>Obchodn\u00ed park Sonnenstein \u00a9 ELBTAL.DIGITAL Obchodn\u00ed park Sonnenstein V tomto obchodn\u00edm parku se v posledn\u00edch letech rozvinula pestr\u00e1 sm\u011bsice firem. Od sousedn\u00ed obytn\u00e9 z\u00f3ny ho odd\u011bluje rozs\u00e1hl\u00fd p\u00e1s zelen\u011b. D\u00edky nov\u00e9mu obchvatu B 172 (dokon\u010den\u00ed v roce 2026) a s n\u00edm spojen\u00e9mu rychlej\u0161\u00edmu napojen\u00ed na d\u00e1lnici A 17 se lokalita stane je\u0161t\u011b atraktivn\u011bj\u0161\u00ed pro nov\u00e1 [&hellip;]<\/p>\n","protected":false},"author":1,"featured_media":0,"parent":3673,"menu_order":0,"comment_status":"closed","ping_status":"closed","template":"","meta":{"footnotes":""},"class_list":["post-3537","page","type-page","status-publish","hentry","has-post-title","has-post-date","has-post-category","has-post-tag","has-post-comment","has-post-author",""],"builder_content":"<h1 style=\"text-align: center;\">Obchodn\u00ed park Sonnenstein<\/h1>\n<h6>\u00a9 ELBTAL.DIGITAL<\/h6>\n<header>\n<h2>Obchodn\u00ed park Sonnenstein<\/h2>\n<\/header>\n<p>V tomto obchodn\u00edm parku se v posledn\u00edch letech rozvinula pestr\u00e1 sm\u011bsice firem. Od sousedn\u00ed obytn\u00e9 z\u00f3ny ho odd\u011bluje rozs\u00e1hl\u00fd p\u00e1s zelen\u011b. D\u00edky nov\u00e9mu obchvatu B 172 (dokon\u010den\u00ed v roce 2026) a s n\u00edm spojen\u00e9mu rychlej\u0161\u00edmu napojen\u00ed na d\u00e1lnici A 17 se lokalita stane je\u0161t\u011b atraktivn\u011bj\u0161\u00ed pro nov\u00e1 s\u00eddla a je zaj\u00edmav\u00e1 zejm\u00e9na pro mal\u00e9 podniky, slu\u017eby a \u017eivnosti. <\/p> <p>V obchodn\u00edm parku Sonnenstein I je k dispozici posledn\u00ed pozemek pro komer\u010dn\u00ed vyu\u017eit\u00ed. Na pozemku je povolena stavba do v\u00fd\u0161ky deseti metr\u016f s plochou st\u0159echou. P\u0159i zastav\u011bn\u00ed pozemku mus\u00ed b\u00fdt na stavebn\u00ed parcelu prodlou\u017eeny sousedn\u00ed stavebn\u00ed \u010d\u00e1ry v ulici Longuyoner Stra\u00dfe. <\/p> <p><strong>Plocha pozemku: 4 893 m\u00b2<\/strong><\/p> <p><strong>Kupn\u00ed cena: 90 \u20ac\/m\u00b2 (netto)<\/strong><\/p>\n<h4 style=\"text-align: left;\">Stadtentwicklungsgesellschaft Pirna mbH - Hospod\u00e1\u0159sk\u00fd rozvoj<\/h4>\nBreite Stra\u00dfe 2 01796 Pirna\nTelefon: <a href=\"tel:+49%203501%2056890\">+49 3501 56890<\/a>\n\n<a href=\"https:\/\/sep-pirna.de\/kontakt\" > <em><svg xmlns:xlink=\"http:\/\/www.w3.org\/1999\/xlink\" aria-hidden=\"true\"><use href=\"#tf-ti-angle-right\" xlink:href=\"#tf-ti-angle-right\"><\/use><\/svg><\/em> Kontaktujte n\u00e1s <\/a>\n<h3>Nab\u00edz\u00edme<\/h3>\n\n<p>mal\u00e1, kompaktn\u00ed lokalita na hranici m\u011bsta sm\u011brem do \u010cesk\u00e9 republiky s pestrou nab\u00eddkou maloobchodu, obchodu a slu\u017eeb.<\/p>\n\n<a href=\"https:\/\/sep-pirna.de\/wp-content\/uploads\/2025\/05\/Expose_IGP.pdf\" target=\"_blank\" rel=\"noopener\"> <em><svg xmlns:xlink=\"http:\/\/www.w3.org\/1999\/xlink\" aria-hidden=\"true\"><use href=\"#tf-far-file-pdf\" xlink:href=\"#tf-far-file-pdf\"><\/use><\/svg><\/em> Vystavit <\/a>\n<h3>Um\u00edst\u011bn\u00ed<\/h3>\n\n<p>Na m\u00edsto se snadno dostanete po silnici B 172. Po dokon\u010den\u00ed obchvatu B 172 bude podnikatelsk\u00fd park je\u0161t\u011b l\u00e9pe propojen s okol\u00edm. <\/p>\n\n<a href=\"https:\/\/sep-pirna.de\/wp-content\/uploads\/2025\/05\/Flurkarte_1593-218-sonnenstein.pdf\" > <em><svg xmlns:xlink=\"http:\/\/www.w3.org\/1999\/xlink\" aria-hidden=\"true\"><use href=\"#tf-far-file-pdf\" xlink:href=\"#tf-far-file-pdf\"><\/use><\/svg><\/em> Mapa parcel <\/a>\n<h3>Nab\u00eddka<\/h3>\n\n<p>Zaj\u00edmav\u00e1 komer\u010dn\u00ed nemovitost se nach\u00e1z\u00ed na okraji m\u011bsta Pirna sm\u011brem do \u010cesk\u00e9 republiky.<\/p>\n\n<a href=\"https:\/\/sep-pirna.de\/wp-content\/uploads\/2025\/05\/Bebauungsplan_Sonnenstein_1.pdf\" target=\"_blank\" rel=\"noopener\"> <em><svg xmlns:xlink=\"http:\/\/www.w3.org\/1999\/xlink\" aria-hidden=\"true\"><use href=\"#tf-far-file-pdf\" xlink:href=\"#tf-far-file-pdf\"><\/use><\/svg><\/em> Pl\u00e1n rozvoje <\/a>\n<h3>Dal\u0161\u00ed m\u00edsta<\/h3>\n\n<p>SEP se sna\u017e\u00ed, aby se Pirna i nad\u00e1le etablovala jako siln\u00e9 st\u0159edn\u011b velk\u00e9 centrum v r\u016fstov\u00e9m regionu Dr\u00e1\u017e\u010fany, a v\u011bnuje se zejm\u00e9na ot\u00e1zk\u00e1m os\u00eddlen\u00ed.<\/p>\n\n<a href=\"https:\/\/sep-pirna.de\/investieren-in-pirna\/gewerbestandorte\/\" > <em><svg xmlns:xlink=\"http:\/\/www.w3.org\/1999\/xlink\" aria-hidden=\"true\"><use href=\"#tf-ti-angle-right\" xlink:href=\"#tf-ti-angle-right\"><\/use><\/svg><\/em> Komer\u010dn\u00ed m\u00edsta <\/a>\n<h3 style=\"text-align: center;\">Pr\u016fmyslov\u00fd park Horn\u00ed Labe (IPO)<\/h3> Pilotn\u00ed projekt, kter\u00fd je v regionu ojedin\u011bl\u00fd, je v\u00fdsledkem spolupr\u00e1ce m\u011bst Dohna, Heidenau a Pirna. <br>Obce na jeho realizaci \u00fazce spolupracuj\u00ed.<br><a href=\"https:\/\/www.zv-ipo.de\/\" target=\"_blank\" rel=\"noopener\">na \u00favodn\u00ed str\u00e1nku<\/a>","_links":{"self":[{"href":"https:\/\/sep-pirna.de\/cs\/wp-json\/wp\/v2\/pages\/3537","targetHints":{"allow":["GET"]}}],"collection":[{"href":"https:\/\/sep-pirna.de\/cs\/wp-json\/wp\/v2\/pages"}],"about":[{"href":"https:\/\/sep-pirna.de\/cs\/wp-json\/wp\/v2\/types\/page"}],"author":[{"embeddable":true,"href":"https:\/\/sep-pirna.de\/cs\/wp-json\/wp\/v2\/users\/1"}],"replies":[{"embeddable":true,"href":"https:\/\/sep-pirna.de\/cs\/wp-json\/wp\/v2\/comments?post=3537"}],"version-history":[{"count":6,"href":"https:\/\/sep-pirna.de\/cs\/wp-json\/wp\/v2\/pages\/3537\/revisions"}],"predecessor-version":[{"id":3677,"href":"https:\/\/sep-pirna.de\/cs\/wp-json\/wp\/v2\/pages\/3537\/revisions\/3677"}],"up":[{"embeddable":true,"href":"https:\/\/sep-pirna.de\/cs\/wp-json\/wp\/v2\/pages\/3673"}],"wp:attachment":[{"href":"https:\/\/sep-pirna.de\/cs\/wp-json\/wp\/v2\/media?parent=3537"}],"curies":[{"name":"wp","href":"https:\/\/api.w.org\/{rel}","templated":true}]}}