{"id":3460,"date":"2025-05-05T20:06:28","date_gmt":"2025-05-05T18:06:28","guid":{"rendered":"https:\/\/sep-pirna.de\/prumyslova-zona-copitz-nord\/"},"modified":"2025-08-13T10:40:40","modified_gmt":"2025-08-13T08:40:40","slug":"prumyslova-zona-copitz-nord","status":"publish","type":"page","link":"https:\/\/sep-pirna.de\/cs\/investovani-v-pirne\/komercni-mista\/prumyslova-zona-copitz-nord\/","title":{"rendered":"Pr\u016fmyslov\u00e1 z\u00f3na Copitz-Nord"},"content":{"rendered":"<!--themify_builder_content-->\n<div id=\"themify_builder_content-3460\" data-postid=\"3460\" class=\"themify_builder_content themify_builder_content-3460 themify_builder tf_clear\">\n                    <div  data-lazy=\"1\" class=\"module_row themify_builder_row tb_fli267 tb_first tf_w\" data-tbfullwidthvideo=\"https:\/\/sep-pirna.de\/wp-content\/uploads\/2025\/05\/copitz.mp4\" data-unloopvideo=\"unloop\">\n                        <div class=\"row_inner col_align_top tb_col_count_1 tf_box tf_rel\">\n                        <div  data-lazy=\"1\" class=\"module_column tb-column col-full tb_dgvl68 first\">\n                    <!-- module text -->\n<div  class=\"module module-text tb_jyou363   \" data-lazy=\"1\">\n        <div  class=\"tb_text_wrap\">\n        <h1 class=\"font--h3 font--h--left\" style=\"text-align: center;\">Pr\u016fmyslov\u00e1 z\u00f3na Copitz-Nord<\/h1>    <\/div>\n<\/div>\n<!-- \/module text --><!-- module text -->\n<div  class=\"module module-text tb_ppny908   \" data-lazy=\"1\">\n        <div  class=\"tb_text_wrap\">\n        <h6><span style=\"color: #ffffff;\">\u00a9 ELBTAL.DIGITAL<\/span><\/h6>    <\/div>\n<\/div>\n<!-- \/module text -->        <\/div>\n                        <\/div>\n        <\/div>\n                        <div  data-lazy=\"1\" class=\"module_row themify_builder_row tb_d2vj566 tf_w\">\n                        <div class=\"row_inner col_align_top tb_col_count_2 tf_box tf_rel\">\n                        <div  data-lazy=\"1\" class=\"module_column tb-column col4-2 tb_jtlc566 first\">\n                    <!-- module text -->\n<div  class=\"module module-text tb_rndd566   \" data-lazy=\"1\">\n        <div  class=\"tb_text_wrap\">\n        <div class=\"content-block content-block--light content-block--large-space-after\">\n<div class=\"content-block__padding\">\n<h2>Pr\u016fmyslov\u00e1 z\u00f3na Copitz-Nord<\/h2>\n<p>Pot\u00e9, co are\u00e1l dlouh\u00e1 l\u00e9ta le\u017eel ladem, jej z\u00edskala spole\u010dnost Stadtentwicklungsgesellschaft Pirna mbH a pokra\u010dovala v jeho rozvoji. V\u00fdstavba byla dokon\u010dena v roce 2018 a roz\u0161\u00ed\u0159ila dostupn\u00e9 komer\u010dn\u00ed plochy o v\u00edce ne\u017e 6 hektar\u016f. V lokalit\u011b se us\u00eddlila \u0159ada firem v sousedstv\u00ed v\u00fdrobn\u00edch podnik\u016f a r\u016fzn\u00fdch maloobchodn\u00edch za\u0159\u00edzen\u00ed, kter\u00e9 dotv\u00e1\u0159ej\u00ed obchodn\u00ed krajinu Pirny.  <\/p>\n<div class=\"text\">\n<div class=\"text-wrapper\">\n<p>Stadtentwicklungsgesellschaft Pirna mbH reagovala na p\u0159etrv\u00e1vaj\u00edc\u00ed popt\u00e1vku po komer\u010dn\u00edch nemovitostech vytvo\u0159en\u00edm p\u0159\u00edle\u017eitost\u00ed k expanzi. Ji\u017en\u011b od st\u00e1vaj\u00edc\u00edho komer\u010dn\u00edho are\u00e1lu se nach\u00e1zej\u00ed dal\u0161\u00ed komer\u010dn\u011b vyu\u017eiteln\u00e9 plochy o celkov\u00e9 rozloze cca 1,8 ha, na kter\u00e9 se lze dostat p\u0159\u00edmo z ulice Lohmener Stra\u00dfe. <\/p>\n<p>Ty jsou rozd\u011bleny do t\u0159\u00ed atraktivn\u011b \u0159e\u0161en\u00fdch komer\u010dn\u00edch z\u00f3n. Dv\u011b d\u00edl\u010d\u00ed plochy o rozloze p\u0159ibli\u017en\u011b 3 500 m\u00b2 a 6 200 m\u00b2 lze v kr\u00e1tk\u00e9 dob\u011b z\u00edskat a zastav\u011bt. <\/p>\n<\/div>\n<\/div>\n<\/div>\n<\/div>    <\/div>\n<\/div>\n<!-- \/module text -->        <\/div>\n                    <div  data-lazy=\"1\" class=\"module_column tb-column col4-2 tb_fjul326 last\">\n                    <!-- module text -->\n<div  class=\"module module-text tb_cnaw326   \" data-lazy=\"1\">\n        <div  class=\"tb_text_wrap\">\n        <div class=\"module module-text tb_5sto86\">\n<div class=\"tb_text_wrap\">\n<h4 style=\"text-align: left;\">Stadtentwicklungsgesellschaft Pirna mbH &#8211; Hospod\u00e1\u0159sk\u00fd rozvoj<\/h4>\n<div style=\"text-align: left;\">\n<div>Breite Stra\u00dfe 2<\/div>\n<div>01796 Pirna<\/div>\n<\/div>\n<div style=\"text-align: left;\">Telefon: <a class=\"link link--tel\" href=\"tel:+49%203501%2056890\">+49 3501 56890<\/a><\/div>\n<\/div>\n<\/div>    <\/div>\n<\/div>\n<!-- \/module text --><!-- module divider -->\n<div  class=\"module tf_mw module-divider tb_2n9f326 dotted   \" style=\"border-width: 1px;border-color: #000;\" data-lazy=\"1\">\n    <\/div>\n<!-- \/module divider -->\n<!-- module buttons -->\n<div  class=\"module module-buttons tb_4f9e326 buttons-horizontal solid  xlarge squared buttons-fullwidth\" data-lazy=\"1\">\n        <div class=\"module-buttons-item tf_in_flx\">\n                        <a href=\"https:\/\/sep-pirna.de\/kontakt\" class=\"ui builder_button tf_in_flx tb_default_color\" >\n                                    <em><svg  class=\"tf_fa tf-ti-angle-right\" xmlns:xlink=\"http:\/\/www.w3.org\/1999\/xlink\" aria-hidden=\"true\"><use href=\"#tf-ti-angle-right\" xlink:href=\"#tf-ti-angle-right\"><\/use><\/svg><\/em>                                        Kontaktujte n\u00e1s                                        <\/a>\n                <\/div>\n            <\/div>\n<!-- \/module buttons -->\n        <\/div>\n                        <\/div>\n        <\/div>\n                        <div  data-css_id=\"4c21357\" data-lazy=\"1\" class=\"module_row themify_builder_row fullwidth_row_container tb_4c21357 tf_w\">\n            <span class=\"tb_row_frame_wrap tf_overflow tf_abs\" data-lazy=\"1\"><span class=\"tb_row_frame tb_row_frame_top  tf_abs tf_hide tf_overflow tf_w\"><\/span><span class=\"tb_row_frame tb_row_frame_bottom  tf_abs tf_hide tf_overflow tf_w\"><\/span><\/span>            <div class=\"row_inner col_align_top tb_col_count_4 tf_box tf_rel\">\n                        <div  data-lazy=\"1\" class=\"module_column tb-column col4-1 tb_afg3357 first\">\n                    <!-- module text -->\n<div  class=\"module module-text tb_84rp357   \" data-lazy=\"1\">\n        <div  class=\"tb_text_wrap\">\n        <div class=\"box__padding\">\n<div class=\"box__heading-container\">\n<div class=\"content-block__header\">\n<h3 class=\"font--h2 font--h--left\">Nab\u00edz\u00edme<\/h3>\n<\/div>\n<\/div>\n<\/div>    <\/div>\n<\/div>\n<!-- \/module text --><!-- module divider -->\n<div  class=\"module tf_mw module-divider tb_komo111 dotted   \" style=\"border-width: 1px;border-color: #000;\" data-lazy=\"1\">\n    <\/div>\n<!-- \/module divider -->\n<!-- module text -->\n<div  class=\"module module-text tb_vy1b531   \" data-lazy=\"1\">\n        <div  class=\"tb_text_wrap\">\n        <div class=\"box__padding box__padding--no-top\">\n<div class=\"box__padding box__padding--no-top\">\n<div class=\"grid__entry grid__entry--4\">\n<div class=\"box box--autogrow\">\n<div class=\"box__padding\">\n<div class=\"box__heading-container\">\n<div class=\"content-block__header\">\n<p class=\"font--h2 font--h--left\">atraktivn\u00ed m\u00edsto pro podnik\u00e1n\u00ed v zaveden\u00e9m prost\u0159ed\u00ed pr\u016fmyslu, obchodu a mal\u00fdch podnik\u016f.<\/p>\n<\/div>\n<\/div>\n<\/div>\n<\/div>\n<\/div>\n<\/div>\n<\/div>    <\/div>\n<\/div>\n<!-- \/module text --><!-- module divider -->\n<div  class=\"module tf_mw module-divider tb_i8br299 dotted   \" style=\"border-width: 1px;border-color: #000;\" data-lazy=\"1\">\n    <\/div>\n<!-- \/module divider -->\n<!-- module buttons -->\n<div  class=\"module module-buttons tb_b6gh943 buttons-horizontal solid  large squared buttons-fullwidth\" data-lazy=\"1\">\n        <div class=\"module-buttons-item tf_in_flx\">\n                        <a href=\"https:\/\/www.pirna.de\/fileadmin\/user_upload\/4_Wirtschaft\/4.2_Investieren_in_Pirna\/4.2.1_Gewerbestandorte\/Copitz-Nord\/Expose_GE_Copitz-Nord.pdf\" class=\"ui builder_button tf_in_flx tb_default_color\" >\n                                    <em><svg  class=\"tf_fa tf-ti-angle-right\" xmlns:xlink=\"http:\/\/www.w3.org\/1999\/xlink\" aria-hidden=\"true\"><use href=\"#tf-ti-angle-right\" xlink:href=\"#tf-ti-angle-right\"><\/use><\/svg><\/em>                                        Vystavit                                        <\/a>\n                <\/div>\n            <\/div>\n<!-- \/module buttons -->\n        <\/div>\n                    <div  data-lazy=\"1\" class=\"module_column tb-column col4-1 tb_ug60357\">\n                    <!-- module text -->\n<div  class=\"module module-text tb_kum7419   \" data-lazy=\"1\">\n        <div  class=\"tb_text_wrap\">\n        <h3>Um\u00edst\u011bn\u00ed<\/h3>    <\/div>\n<\/div>\n<!-- \/module text --><!-- module divider -->\n<div  class=\"module tf_mw module-divider tb_w60c501 dotted   \" style=\"border-width: 1px;border-color: #000;\" data-lazy=\"1\">\n    <\/div>\n<!-- \/module divider -->\n<!-- module text -->\n<div  class=\"module module-text tb_wapy282   \" data-lazy=\"1\">\n        <div  class=\"tb_text_wrap\">\n        <p>Nach\u00e1z\u00ed se na prav\u00e9m b\u0159ehu Labe a k d\u00e1lnici A 17 se dostanete za n\u011bkolik minut po silnici S 177. Po dokon\u010den\u00ed dal\u0161\u00edch \u00fasek\u016f d\u00e1lnice S 177 bude jen kousek i od d\u00e1lnice A4. <\/p>    <\/div>\n<\/div>\n<!-- \/module text --><!-- module divider -->\n<div  class=\"module tf_mw module-divider tb_gn1g59 dotted   \" style=\"border-width: 1px;border-color: #000;\" data-lazy=\"1\">\n    <\/div>\n<!-- \/module divider -->\n        <\/div>\n                    <div  data-lazy=\"1\" class=\"module_column tb-column col4-1 tb_2fxb723\">\n                    <!-- module text -->\n<div  class=\"module module-text tb_t9a6723   \" data-lazy=\"1\">\n        <div  class=\"tb_text_wrap\">\n        <h3 class=\"font--h3 font--h--left\">Nab\u00eddka<\/h3>    <\/div>\n<\/div>\n<!-- \/module text --><!-- module divider -->\n<div  class=\"module tf_mw module-divider tb_uj8i723 dotted   \" style=\"border-width: 1px;border-color: #000;\" data-lazy=\"1\">\n    <\/div>\n<!-- \/module divider -->\n<!-- module text -->\n<div  class=\"module module-text tb_7ju3723   \" data-lazy=\"1\">\n        <div  class=\"tb_text_wrap\">\n        <div class=\"box__padding box__padding--no-top\">\n<div class=\"box__padding box__padding--no-top\">\n<div class=\"box__padding box__padding--no-top\">\n<p>Dva pozemky o rozloze cca 3 500 m\u00b2 a 6 200 m\u00b2.<\/p>\n<p>Z\u00e1stavba p\u0159es b\u00fdvalou \u017eelezni\u010dn\u00ed tra\u0165 na Lohmener Stra\u00dfe.<\/p>\n<p>Na\u0161e lokalita je pln\u011b obsazena.<\/p>\n<\/div>\n<\/div>\n<\/div>    <\/div>\n<\/div>\n<!-- \/module text --><!-- module divider -->\n<div  class=\"module tf_mw module-divider tb_lm5r652 dotted   \" style=\"border-width: 1px;border-color: #000;\" data-lazy=\"1\">\n    <\/div>\n<!-- \/module divider -->\n        <\/div>\n                    <div  data-lazy=\"1\" class=\"module_column tb-column col4-1 tb_3oyi981 last\">\n                    <!-- module text -->\n<div  class=\"module module-text tb_fh5s981   \" data-lazy=\"1\">\n        <div  class=\"tb_text_wrap\">\n        <h3 class=\"font--h3 font--h--left\">Dal\u0161\u00ed m\u00edsta<\/h3>    <\/div>\n<\/div>\n<!-- \/module text --><!-- module divider -->\n<div  class=\"module tf_mw module-divider tb_z9rd981 dotted   \" style=\"border-width: 1px;border-color: #000;\" data-lazy=\"1\">\n    <\/div>\n<!-- \/module divider -->\n<!-- module text -->\n<div  class=\"module module-text tb_vqpc981   \" data-lazy=\"1\">\n        <div  class=\"tb_text_wrap\">\n        <div class=\"box__padding box__padding--no-top\">\n<div class=\"box__padding box__padding--no-top\">\n<p>SEP se sna\u017e\u00ed, aby se Pirna i nad\u00e1le etablovala jako siln\u00e9 st\u0159edn\u011b velk\u00e9 centrum v r\u016fstov\u00e9m regionu Dr\u00e1\u017e\u010fany, a v\u011bnuje se zejm\u00e9na ot\u00e1zk\u00e1m os\u00eddlen\u00ed.<\/p>\n<\/div>\n<\/div>    <\/div>\n<\/div>\n<!-- \/module text --><!-- module divider -->\n<div  class=\"module tf_mw module-divider tb_xdzb981 dotted   \" style=\"border-width: 1px;border-color: #000;\" data-lazy=\"1\">\n    <\/div>\n<!-- \/module divider -->\n<!-- module buttons -->\n<div  class=\"module module-buttons tb_oro3981 buttons-horizontal solid  large squared buttons-fullwidth\" data-lazy=\"1\">\n        <div class=\"module-buttons-item tf_in_flx\">\n                        <a href=\"https:\/\/sep-pirna.de\/investieren-in-pirna\/gewerbestandorte\/\" class=\"ui builder_button tf_in_flx tb_default_color\" >\n                                    <em><svg  class=\"tf_fa tf-ti-angle-right\" xmlns:xlink=\"http:\/\/www.w3.org\/1999\/xlink\" aria-hidden=\"true\"><use href=\"#tf-ti-angle-right\" xlink:href=\"#tf-ti-angle-right\"><\/use><\/svg><\/em>                                        Komer\u010dn\u00ed m\u00edsta                                        <\/a>\n                <\/div>\n            <\/div>\n<!-- \/module buttons -->\n        <\/div>\n                        <\/div>\n        <\/div>\n                        <div  data-lazy=\"1\" class=\"module_row themify_builder_row tb_22px236 tf_w\">\n                        <div class=\"row_inner col_align_top tb_col_count_1 tf_box tf_rel\">\n                        <div  data-lazy=\"1\" class=\"module_column tb-column col-full tb_sako236 first\">\n                    <!-- module text -->\n<div  class=\"module module-text tb_4lfs236   \" data-lazy=\"1\">\n        <div  class=\"tb_text_wrap\">\n        <h3 style=\"text-align: center;\">Pr\u016fmyslov\u00fd park Horn\u00ed Labe (IPO)<\/h3>\n<div class=\"big-teaser__description font--float-1 spacing-bottom--large dotdotdot\" style=\"text-align: center;\">Pilotn\u00ed projekt, kter\u00fd je v regionu ojedin\u011bl\u00fd, je v\u00fdsledkem spolupr\u00e1ce m\u011bst Dohna, Heidenau a Pirna. <br>Obce na jeho realizaci \u00fazce spolupracuj\u00ed.<br><a href=\"https:\/\/www.zv-ipo.de\/\" target=\"_blank\" rel=\"noopener\">na \u00favodn\u00ed str\u00e1nku<\/a><\/div>    <\/div>\n<\/div>\n<!-- \/module text -->        <\/div>\n                        <\/div>\n        <\/div>\n        <\/div>\n<!--\/themify_builder_content-->","protected":false},"excerpt":{"rendered":"<p>Pr\u016fmyslov\u00e1 z\u00f3na Copitz-Nord \u00a9 ELBTAL.DIGITAL Pr\u016fmyslov\u00e1 z\u00f3na Copitz-Nord Pot\u00e9, co are\u00e1l dlouh\u00e1 l\u00e9ta le\u017eel ladem, jej z\u00edskala spole\u010dnost Stadtentwicklungsgesellschaft Pirna mbH a pokra\u010dovala v jeho rozvoji. V\u00fdstavba byla dokon\u010dena v roce 2018 a roz\u0161\u00ed\u0159ila dostupn\u00e9 komer\u010dn\u00ed plochy o v\u00edce ne\u017e 6 hektar\u016f. V lokalit\u011b se us\u00eddlila \u0159ada firem v sousedstv\u00ed v\u00fdrobn\u00edch podnik\u016f a r\u016fzn\u00fdch maloobchodn\u00edch [&hellip;]<\/p>\n","protected":false},"author":1,"featured_media":0,"parent":3673,"menu_order":0,"comment_status":"closed","ping_status":"closed","template":"","meta":{"footnotes":""},"class_list":["post-3460","page","type-page","status-publish","hentry","has-post-title","has-post-date","has-post-category","has-post-tag","has-post-comment","has-post-author",""],"builder_content":"<h1 style=\"text-align: center;\">Pr\u016fmyslov\u00e1 z\u00f3na Copitz-Nord<\/h1>\n<h6>\u00a9 ELBTAL.DIGITAL<\/h6>\n<h2>Pr\u016fmyslov\u00e1 z\u00f3na Copitz-Nord<\/h2> <p>Pot\u00e9, co are\u00e1l dlouh\u00e1 l\u00e9ta le\u017eel ladem, jej z\u00edskala spole\u010dnost Stadtentwicklungsgesellschaft Pirna mbH a pokra\u010dovala v jeho rozvoji. V\u00fdstavba byla dokon\u010dena v roce 2018 a roz\u0161\u00ed\u0159ila dostupn\u00e9 komer\u010dn\u00ed plochy o v\u00edce ne\u017e 6 hektar\u016f. V lokalit\u011b se us\u00eddlila \u0159ada firem v sousedstv\u00ed v\u00fdrobn\u00edch podnik\u016f a r\u016fzn\u00fdch maloobchodn\u00edch za\u0159\u00edzen\u00ed, kter\u00e9 dotv\u00e1\u0159ej\u00ed obchodn\u00ed krajinu Pirny. <\/p>\n<p>Stadtentwicklungsgesellschaft Pirna mbH reagovala na p\u0159etrv\u00e1vaj\u00edc\u00ed popt\u00e1vku po komer\u010dn\u00edch nemovitostech vytvo\u0159en\u00edm p\u0159\u00edle\u017eitost\u00ed k expanzi. Ji\u017en\u011b od st\u00e1vaj\u00edc\u00edho komer\u010dn\u00edho are\u00e1lu se nach\u00e1zej\u00ed dal\u0161\u00ed komer\u010dn\u011b vyu\u017eiteln\u00e9 plochy o celkov\u00e9 rozloze cca 1,8 ha, na kter\u00e9 se lze dostat p\u0159\u00edmo z ulice Lohmener Stra\u00dfe. <\/p> <p>Ty jsou rozd\u011bleny do t\u0159\u00ed atraktivn\u011b \u0159e\u0161en\u00fdch komer\u010dn\u00edch z\u00f3n. Dv\u011b d\u00edl\u010d\u00ed plochy o rozloze p\u0159ibli\u017en\u011b 3 500 m\u00b2 a 6 200 m\u00b2 lze v kr\u00e1tk\u00e9 dob\u011b z\u00edskat a zastav\u011bt. <\/p>\n<h4 style=\"text-align: left;\">Stadtentwicklungsgesellschaft Pirna mbH - Hospod\u00e1\u0159sk\u00fd rozvoj<\/h4>\nBreite Stra\u00dfe 2 01796 Pirna\nTelefon: <a href=\"tel:+49%203501%2056890\">+49 3501 56890<\/a>\n\n<a href=\"https:\/\/sep-pirna.de\/kontakt\" > <em><svg xmlns:xlink=\"http:\/\/www.w3.org\/1999\/xlink\" aria-hidden=\"true\"><use href=\"#tf-ti-angle-right\" xlink:href=\"#tf-ti-angle-right\"><\/use><\/svg><\/em> Kontaktujte n\u00e1s <\/a>\n<h3>Nab\u00edz\u00edme<\/h3>\n\n<p>atraktivn\u00ed m\u00edsto pro podnik\u00e1n\u00ed v zaveden\u00e9m prost\u0159ed\u00ed pr\u016fmyslu, obchodu a mal\u00fdch podnik\u016f.<\/p>\n\n<a href=\"https:\/\/www.pirna.de\/fileadmin\/user_upload\/4_Wirtschaft\/4.2_Investieren_in_Pirna\/4.2.1_Gewerbestandorte\/Copitz-Nord\/Expose_GE_Copitz-Nord.pdf\" > <em><svg xmlns:xlink=\"http:\/\/www.w3.org\/1999\/xlink\" aria-hidden=\"true\"><use href=\"#tf-ti-angle-right\" xlink:href=\"#tf-ti-angle-right\"><\/use><\/svg><\/em> Vystavit <\/a>\n<h3>Um\u00edst\u011bn\u00ed<\/h3>\n\n<p>Nach\u00e1z\u00ed se na prav\u00e9m b\u0159ehu Labe a k d\u00e1lnici A 17 se dostanete za n\u011bkolik minut po silnici S 177. Po dokon\u010den\u00ed dal\u0161\u00edch \u00fasek\u016f d\u00e1lnice S 177 bude jen kousek i od d\u00e1lnice A4. <\/p>\n\n<h3>Nab\u00eddka<\/h3>\n\n<p>Dva pozemky o rozloze cca 3 500 m\u00b2 a 6 200 m\u00b2.<\/p> <p>Z\u00e1stavba p\u0159es b\u00fdvalou \u017eelezni\u010dn\u00ed tra\u0165 na Lohmener Stra\u00dfe.<\/p> <p>Na\u0161e lokalita je pln\u011b obsazena.<\/p>\n\n<h3>Dal\u0161\u00ed m\u00edsta<\/h3>\n\n<p>SEP se sna\u017e\u00ed, aby se Pirna i nad\u00e1le etablovala jako siln\u00e9 st\u0159edn\u011b velk\u00e9 centrum v r\u016fstov\u00e9m regionu Dr\u00e1\u017e\u010fany, a v\u011bnuje se zejm\u00e9na ot\u00e1zk\u00e1m os\u00eddlen\u00ed.<\/p>\n\n<a href=\"https:\/\/sep-pirna.de\/investieren-in-pirna\/gewerbestandorte\/\" > <em><svg xmlns:xlink=\"http:\/\/www.w3.org\/1999\/xlink\" aria-hidden=\"true\"><use href=\"#tf-ti-angle-right\" xlink:href=\"#tf-ti-angle-right\"><\/use><\/svg><\/em> Komer\u010dn\u00ed m\u00edsta <\/a>\n<h3 style=\"text-align: center;\">Pr\u016fmyslov\u00fd park Horn\u00ed Labe (IPO)<\/h3> Pilotn\u00ed projekt, kter\u00fd je v regionu ojedin\u011bl\u00fd, je v\u00fdsledkem spolupr\u00e1ce m\u011bst Dohna, Heidenau a Pirna. <br>Obce na jeho realizaci \u00fazce spolupracuj\u00ed.<br><a href=\"https:\/\/www.zv-ipo.de\/\" target=\"_blank\" rel=\"noopener\">na \u00favodn\u00ed str\u00e1nku<\/a>","_links":{"self":[{"href":"https:\/\/sep-pirna.de\/cs\/wp-json\/wp\/v2\/pages\/3460","targetHints":{"allow":["GET"]}}],"collection":[{"href":"https:\/\/sep-pirna.de\/cs\/wp-json\/wp\/v2\/pages"}],"about":[{"href":"https:\/\/sep-pirna.de\/cs\/wp-json\/wp\/v2\/types\/page"}],"author":[{"embeddable":true,"href":"https:\/\/sep-pirna.de\/cs\/wp-json\/wp\/v2\/users\/1"}],"replies":[{"embeddable":true,"href":"https:\/\/sep-pirna.de\/cs\/wp-json\/wp\/v2\/comments?post=3460"}],"version-history":[{"count":9,"href":"https:\/\/sep-pirna.de\/cs\/wp-json\/wp\/v2\/pages\/3460\/revisions"}],"predecessor-version":[{"id":4126,"href":"https:\/\/sep-pirna.de\/cs\/wp-json\/wp\/v2\/pages\/3460\/revisions\/4126"}],"up":[{"embeddable":true,"href":"https:\/\/sep-pirna.de\/cs\/wp-json\/wp\/v2\/pages\/3673"}],"wp:attachment":[{"href":"https:\/\/sep-pirna.de\/cs\/wp-json\/wp\/v2\/media?parent=3460"}],"curies":[{"name":"wp","href":"https:\/\/api.w.org\/{rel}","templated":true}]}}