{"id":3448,"date":"2025-05-12T11:59:47","date_gmt":"2025-05-12T09:59:47","guid":{"rendered":"https:\/\/sep-pirna.de\/specialiste\/"},"modified":"2025-08-14T13:33:48","modified_gmt":"2025-08-14T11:33:48","slug":"specialiste","status":"publish","type":"page","link":"https:\/\/sep-pirna.de\/cs\/umisteni-podniku\/specialiste\/","title":{"rendered":"Specialist\u00e9"},"content":{"rendered":"<!--themify_builder_content-->\n<div id=\"themify_builder_content-3448\" data-postid=\"3448\" class=\"themify_builder_content themify_builder_content-3448 themify_builder tf_clear\">\n                    <div  data-lazy=\"1\" class=\"module_row themify_builder_row tb_lpuf730 tb_first tf_w\">\n                        <div class=\"row_inner col_align_top tb_col_count_1 tf_box tf_rel\">\n                        <div  data-lazy=\"1\" class=\"module_column tb-column col-full tb_fcbz730 first\">\n                    <!-- Slider Pro module -->\n<div  class=\"module module-pro-slider tb_w2se730 pager-standard pager-type-circle \" data-loop=\"\" data-autoplay=\"off\" data-hover-pause=\"pause\" data-timer-bar=\"\" data-slider-width=\"\" data-slider-height=\"400\" data-touch-swipe-desktop=\"1\" data-touch-swipe-mobile=\"1\" data-lazy=\"1\">\n\t\t\t\t<div class=\"slider-pro tf_rel tf_hidden tf_lazy\">\n\t\t\t\t\t\t<div class=\"sp-mask tf_rel tf_overflow\" style=\"height:400px\">\n\t\t\t\t<div class=\"sp-slides tf_rel\">\n\t\t\t\t\t\t\t\t\t\t\t\t\t\t\t\t\t<div class=\"sp-slide sp-slide-0 sp-slide-type-Image  sp-selected bsp-slide-content-right tf_w\" data-transition=\"zoomOut\" data-duration=\"1\"  style=\"background-image:url(https:\/\/sep-pirna.de\/wp-content\/uploads\/2025\/05\/AdobeStock_75514277-1024x364-1125x400.jpg)\">\n\t\t\t\t\t\t\t\t\t\t\t\t\t\t<div class=\"bsp-layers-overlay tf_rel tf_w\">\n\t\t\t\t\t\t\t\t<div class=\"sp-slide-wrap\">\n\t\t\t\t\t\t\t\t\t\t\t\t\t\t\t\t\t\t<div class=\"sp-slide-text tf_box\">\n\t\t\t\t\t\t\t\t\t\t\t\t\t\t\t\t\t\t\t\t\t<h3 class=\"sp-layer bsp-slide-post-title\"\n\t\t\t\t\t\t\t\t\t\t\t\t\t\t\t\t\t\t\t\t\t\t\t\tdata-show-transition=\"up\"\n\t\t\t\t\t\t\t\t\t\t\t\t\tdata-hide-transition=\"up\"\n\t\t\t\t\t\t\t\t\t\t\t\t\tdata-show-duration=\"1000\"\n\t\t\t\t\t\t\t\t\t\t\t\t\tdata-show-delay=\"300\"\n\t\t\t\t\t\t\t\t\t\t\t\t\tdata-hide-duration=\"1000\"\n\t\t\t\t\t\t\t\t\t\t\t\t\tdata-hide-delay=\"0\"\n\t\t\t\t\t\t\t\t\t\t\t\t>Fachkr\u00e4fte\t\t\t\t\t\t\t\t\t\t\t<\/h3>\n\t\t\t\t\t\t\t\t\t\t\n\t\t\t\t\t\t\t\t\t\t\t\t\t\t\t\t\t\t\t\t\t<div class=\"sp-layer bsp-slide-excerpt\"\n\t\t\t\t\t\t\t\t\t\t\t\t\t\t\t\t\t\t\t\t\t\t\t\t data-show-transition=\"up\"\n\t\t\t\t\t\t\t\t\t\t\t\t\t data-hide-transition=\"up\"\n\t\t\t\t\t\t\t\t\t\t\t\t\t data-show-duration=\"1000\"\n\t\t\t\t\t\t\t\t\t\t\t\t\t data-show-delay=\"600\"\n\t\t\t\t\t\t\t\t\t\t\t\t\t data-hide-duration=\"1000\"\n\t\t\t\t\t\t\t\t\t\t\t\t\t data-hide-delay=\"0\"\n\t\t\t\t\t\t\t\t\t\t\t\t ><article class=\"hero-teaser lazy entered loaded\" title=\"Wirtschaftsstandort Pirna\" data-bg=\"\/fileadmin\/_processed_\/0\/e\/csm_pirna-wirtschaftsstandort-dresden-gute-bedingungen_cbace9ea80.jpg\" data-ll-status=\"loaded\">\n<div class=\"hero-teaser__overlay\">\n<article class=\"hero-teaser lazy entered loaded\" title=\"Fachkr\u00e4fte in Pirna\" data-bg=\"\/fileadmin\/_processed_\/7\/5\/csm_pirna-wirtschaft-fachkraefte-gute-jobs-adobestock_c61b5cdb6f.jpeg\" data-ll-status=\"loaded\">\n<div class=\"hero-teaser__overlay\">\n<h3 class=\"hero-teaser__content\"><span class=\"hero-teaser__name font--h1\">Potenziale<\/span><\/h3>\n<div class=\"hero-teaser__hidden-mobile\">\n<div class=\"hero-teaser__description font--float-1 spacing-bottom--large dotdotdot\">Gute Fachkr\u00e4fte sind die Basis einer florierenden Wirtschaft<\/div>\n<\/div>\n<\/div>\n<\/article>\n<\/div>\n<\/article>\t\t\t\t\t\t\t\t\t\t\t<\/div>\n\t\t\t\t\t\t\t\t\t\t\t\t\t\t\t\t\t\t\t\t\t\n\t\t\t\t\t\t\t\t\t\t\t\t\t\t\t\t\t\t\t<\/div>\n\t\t\t\t\t\t\t\t\t<!-- \/sp-slide-text -->\n\t\t\t\t\t\t\t\t<\/div><!-- .sp-slide-wrap -->\n\t\t\t\t\t\t\t<\/div><!-- .bsp-layers-overlay -->\n\t\t\t\t\t\t<\/div><!-- .sp-slide -->\n\t\t\t\t\t\t\t\t\t<\/div><!-- .sp-slides -->\n\t\t\t<\/div>\n\t\t\t\t\t<\/div><!-- .slider-pro -->\n\t\t<style>\n.tb_w2se730 .sp-slide-0 .bsp-slide-excerpt,.tb_w2se730 .sp-slide-0 .bsp-slide-excerpt p,.tb_w2se730 .sp-slide-0 .sp-slide-text .bsp-slide-post-title{color:#ffffff}\n<\/style><\/div>\n<!-- \/Slider Pro module -->\n        <\/div>\n                        <\/div>\n        <\/div>\n                        <div  data-css_id=\"dzbd88\" data-lazy=\"1\" class=\"module_row themify_builder_row fullwidth_row_container tb_dzbd88 tf_w\">\n            <span class=\"tb_row_frame_wrap tf_overflow tf_abs\" data-lazy=\"1\"><span class=\"tb_row_frame tb_row_frame_top  tf_abs tf_hide tf_overflow tf_w\"><\/span><span class=\"tb_row_frame tb_row_frame_bottom  tf_abs tf_hide tf_overflow tf_w\"><\/span><\/span>            <div class=\"row_inner col_align_top tb_col_count_2 tf_box tf_rel\">\n                        <div  data-lazy=\"1\" class=\"module_column tb-column col4-2 tb_7jxm586 first\">\n                    <!-- module text -->\n<div  class=\"module module-text tb_5sto86   \" data-lazy=\"1\">\n        <div  class=\"tb_text_wrap\">\n        <div class=\"module module-text tb_5sto86\">\n<div class=\"tb_text_wrap\">\n<div class=\"content-block content-block--light content-block--small-space-before \">\n<div class=\"content-block__padding\"><header>\n<div class=\"content-block__header\">\n<h1 class=\"font--h1 \">Kvalifikovan\u00ed pracovn\u00edci a trh pr\u00e1ce<\/h1>\n<\/div>\n<\/header><\/div>\n<\/div>\n<div class=\"content-block content-block--light content-block--large-space-after\">\n<div class=\"content-block__padding\">\n<div class=\"text\">\n<div class=\"text-wrapper\">\n<p>Kvalifikovan\u00ed a motivovan\u00ed kvalifikovan\u00ed pracovn\u00edci jsou pro ka\u017edou spole\u010dnost d\u016fle\u017eit\u00fdm a st\u00e1le d\u016fle\u017eit\u011bj\u0161\u00edm faktorem \u00fasp\u011bchu. Z\u00e1klady pro to jsou polo\u017eeny v rozmanit\u00e9m m\u00edstn\u00edm \u0161kolsk\u00e9m prost\u0159ed\u00ed, ale tak\u00e9 v \u010detn\u00fdch centrech dal\u0161\u00edho vzd\u011bl\u00e1v\u00e1n\u00ed a v neposledn\u00ed \u0159ad\u011b na \u0161pi\u010dkov\u00fdch vysok\u00fdch \u0161kol\u00e1ch a univerzit\u00e1ch v hlavn\u00edm m\u011bst\u011b na\u0161\u00ed spolkov\u00e9 zem\u011b. <\/p>\n<p>Ekonomika Pirny nab\u00edz\u00ed zaj\u00edmav\u00e9 mo\u017enosti vzd\u011bl\u00e1v\u00e1n\u00ed a zam\u011bstn\u00e1n\u00ed, kter\u00e9 zajist\u00ed budoucnost va\u0161\u00ed vlastn\u00ed firmy kvalifikovan\u00fdmi odborn\u00fdmi pracovn\u00edky a v neposledn\u00ed \u0159ad\u011b udr\u017e\u00ed Pirnu stabiln\u00ed a pos\u00edl\u00ed ji jako m\u00edsto pro podnik\u00e1n\u00ed. A\u0165 u\u017e se jedn\u00e1 o \u017e\u00e1dosti o zam\u011bstn\u00e1n\u00ed nebo nab\u00eddky pr\u00e1ce, sv\u00e9 slu\u017eby nab\u00edzej\u00ed r\u016fzn\u00ed partne\u0159i, a to jak pro zam\u011bstnavatele, tak pro uchaze\u010de o zam\u011bstn\u00e1n\u00ed. <\/p>\n<\/div>\n<\/div>\n<\/div>\n<\/div>\n<\/div>\n<\/div>    <\/div>\n<\/div>\n<!-- \/module text -->        <\/div>\n                    <div  data-lazy=\"1\" class=\"module_column tb-column col4-2 tb_zkrp166 last\">\n                    <!-- module text -->\n<div  class=\"module module-text tb_2mf7166   \" data-lazy=\"1\">\n        <div  class=\"tb_text_wrap\">\n        <div class=\"module module-text tb_5sto86\">\n<div class=\"tb_text_wrap\">\n<h4 style=\"text-align: left;\">Stadtentwicklungsgesellschaft Pirna mbH &#8211; Hospod\u00e1\u0159sk\u00fd rozvoj<\/h4>\n<div style=\"text-align: left;\">\n<div>Breite Stra\u00dfe 2<\/div>\n<div>01796 Pirna<\/div>\n<\/div>\n<div style=\"text-align: left;\">Telefon: <a class=\"link link--tel\" href=\"tel:+49%203501%2056890\">+49 3501 56890<\/a><\/div>\n<\/div>\n<\/div>    <\/div>\n<\/div>\n<!-- \/module text --><!-- module divider -->\n<div  class=\"module tf_mw module-divider tb_na9z243 dotted   \" style=\"border-width: 1px;border-color: #000;\" data-lazy=\"1\">\n    <\/div>\n<!-- \/module divider -->\n<!-- module buttons -->\n<div  class=\"module module-buttons tb_27x5508 buttons-horizontal solid  xlarge squared buttons-fullwidth\" data-lazy=\"1\">\n        <div class=\"module-buttons-item tf_in_flx\">\n                        <a href=\"https:\/\/sep-pirna.de\/kontakt\" class=\"ui builder_button tf_in_flx tb_default_color\" >\n                                    <em><svg  class=\"tf_fa tf-ti-angle-right\" xmlns:xlink=\"http:\/\/www.w3.org\/1999\/xlink\" aria-hidden=\"true\"><use href=\"#tf-ti-angle-right\" xlink:href=\"#tf-ti-angle-right\"><\/use><\/svg><\/em>                                        Kontaktujte n\u00e1s                                        <\/a>\n                <\/div>\n            <\/div>\n<!-- \/module buttons -->\n        <\/div>\n                        <\/div>\n        <\/div>\n                        <div  data-css_id=\"jelo907\" data-lazy=\"1\" class=\"module_row themify_builder_row fullwidth_row_container tb_jelo907 tf_w\">\n            <span class=\"tb_row_frame_wrap tf_overflow tf_abs\" data-lazy=\"1\"><span class=\"tb_row_frame tb_row_frame_top  tf_abs tf_hide tf_overflow tf_w\"><\/span><span class=\"tb_row_frame tb_row_frame_bottom  tf_abs tf_hide tf_overflow tf_w\"><\/span><\/span>            <div class=\"row_inner col_align_top tb_col_count_3 tf_box tf_rel\">\n                        <div  data-lazy=\"1\" class=\"module_column tb-column col3-1 tb_vhhj907 first\">\n                    <!-- module image pro -->\n<div  class=\"module module-pro-image tb_owar573 filter- effect-zoomin   tf_textc   entrance-effect-fadeIn\" data-lazy=\"1\" data-entrance-effect=\"fadeIn\" data-exit-effect=\"fadeOut\" >\n\t\n    <div class=\"image-pro-wrap tf_rel tf_overflow tf_inline_b\">\n\t\t\t\t\t<a class=\"image-pro-external themify_lightbox tf_abs tf_w tf_h\" href=\"#modal-tb_owar573-1\" ><span class=\"screen-reader-text\">Link<\/span><\/a>\n\t\t   \t\t<div class=\"image-pro-flip-box-wrap tf_rel tf_w tf_overflow\">\n\t\t\t<div class=\"image-pro-flip-box tf_rel\">\n\n\t\t\t\t<img loading=\"lazy\" decoding=\"async\" width=\"800\" height=\"533\" src=\"https:\/\/sep-pirna.de\/wp-content\/uploads\/2025\/05\/AdobeStock_1281083994.jpg\" class=\"wp-post-image wp-image-3245\" title=\"Navr\u00e1tilci jako kvalifikovan\u00ed pracovn\u00edci\" alt=\"Navr\u00e1tilci jako kvalifikovan\u00ed pracovn\u00edci\" srcset=\"https:\/\/sep-pirna.de\/wp-content\/uploads\/2025\/05\/AdobeStock_1281083994.jpg 800w, https:\/\/sep-pirna.de\/wp-content\/uploads\/2025\/05\/AdobeStock_1281083994-300x200.jpg 300w, https:\/\/sep-pirna.de\/wp-content\/uploads\/2025\/05\/AdobeStock_1281083994-768x512.jpg 768w\" sizes=\"auto, (max-width: 800px) 100vw, 800px\" \/>\n\t\t\t\t\t\t\t\t\t<div class=\"image-pro-overlay tf_hidden tf_abs\">\n\n\t\t\t\t\t\t\t\t\t\t\t\t\t<div class=\"image-pro-color-overlay tf_abs\" style=\"background-color:rgba(0,37,138, 0.65)\"><\/div>\n\t\t\t\t\t\t\n\t\t\t\t\t\t<div class=\"image-pro-overlay-inner\">\n\n\t\t\t\t\t\t\t\t\t\t\t\t\t\t\t<h4 class=\"image-pro-entity image-pro-title\">Navr\u00e1tilci jako kvalifikovan\u00ed pracovn\u00edci<\/h4>\n\t\t\t\t\t\t\t\t\n\t\t\t\t\t\t\t\t\t\t\t\t\t\t\t<div class=\"image-pro-entity image-pro-caption\">Firmy mohou tak\u00e9 vyu\u017e\u00edt okresn\u00ed burzu pro navr\u00e1tilce a hledat kvalifikovan\u00e9 pracovn\u00edky a navr\u00e1tilce.<\/div>\n\t\t\t\t\t\t\t\t \n\t\t\t\t\t\t\t\n\t\t\t\t\t\t<\/div>\n\t\t\t\t\t<\/div><!-- .image-pro-overlay -->\n\t\t\t\t\n\t\t\t<\/div>\n\t\t<\/div>\n\n    <\/div><!-- .image-pro-wrap -->\n\n\t\n\t\t\t<div id=\"modal-tb_owar573-1\" class=\"tf_hide\">\n\t\t\t\t\t<\/div>\n\t\n\t<\/div><!-- \/module image pro --><!-- module text -->\n<div  class=\"module module-text tb_fy7s318   \" data-lazy=\"1\">\n        <div  class=\"tb_text_wrap\">\n        <p>\u00a9 AdobeStock_1281083994<\/p>    <\/div>\n<\/div>\n<!-- \/module text --><!-- module divider -->\n<div  class=\"module tf_mw module-divider tb_prj7169 dotted   \" style=\"border-width: 1px;border-color: #000;margin-top: 10px;margin-bottom: 10px;\" data-lazy=\"1\">\n    <\/div>\n<!-- \/module divider -->\n<!-- module buttons -->\n<div  class=\"module module-buttons tb_lv61399 buttons-horizontal solid  large squared buttons-fullwidth\" data-lazy=\"1\">\n        <div class=\"module-buttons-item tf_in_flx\">\n                        <a href=\"https:\/\/www.arbeit-leben-freizeit.de\/arbeit.html\" class=\"ui builder_button tf_in_flx tb_default_color\" target=\"_blank\" rel=\"noopener\">\n                                                V\u00fdm\u011bna p\u0159i n\u00e1vratu dom\u016f                                        <\/a>\n                <\/div>\n            <\/div>\n<!-- \/module buttons -->\n<!-- module divider -->\n<div  class=\"module tf_mw module-divider tb_e2yu724 dotted   \" style=\"border-width: 1px;border-color: #000;\" data-lazy=\"1\">\n    <\/div>\n<!-- \/module divider -->\n        <\/div>\n                    <div  data-lazy=\"1\" class=\"module_column tb-column col3-1 tb_2xjx152\">\n                    <!-- module image pro -->\n<div  class=\"module module-pro-image tb_s8qr16 filter- effect-zoomin   tf_textc   entrance-effect-fadeIn\" data-lazy=\"1\" data-entrance-effect=\"fadeIn\" data-exit-effect=\"fadeOut\" >\n\t\n    <div class=\"image-pro-wrap tf_rel tf_overflow tf_inline_b\">\n\t\t\t\t<div class=\"image-pro-flip-box-wrap tf_rel tf_w tf_overflow\">\n\t\t\t<div class=\"image-pro-flip-box tf_rel\">\n\n\t\t\t\t<img loading=\"lazy\" decoding=\"async\" width=\"800\" height=\"534\" src=\"https:\/\/sep-pirna.de\/wp-content\/uploads\/2025\/05\/AdobeStock_487032897.jpg\" class=\"wp-post-image wp-image-3241\" title=\"Feder\u00e1ln\u00ed agentura pr\u00e1ce\" alt=\"Feder\u00e1ln\u00ed agentura pr\u00e1ce\" srcset=\"https:\/\/sep-pirna.de\/wp-content\/uploads\/2025\/05\/AdobeStock_487032897.jpg 800w, https:\/\/sep-pirna.de\/wp-content\/uploads\/2025\/05\/AdobeStock_487032897-300x200.jpg 300w, https:\/\/sep-pirna.de\/wp-content\/uploads\/2025\/05\/AdobeStock_487032897-768x513.jpg 768w\" sizes=\"auto, (max-width: 800px) 100vw, 800px\" \/>\n\t\t\t\t\t\t\t\t\t<div class=\"image-pro-overlay tf_hidden tf_abs\">\n\n\t\t\t\t\t\t\t\t\t\t\t\t\t<div class=\"image-pro-color-overlay tf_abs\" style=\"background-color:rgba(0,37,138, 0.65)\"><\/div>\n\t\t\t\t\t\t\n\t\t\t\t\t\t<div class=\"image-pro-overlay-inner\">\n\n\t\t\t\t\t\t\t\t\t\t\t\t\t\t\t<h4 class=\"image-pro-entity image-pro-title\">Feder\u00e1ln\u00ed agentura pr\u00e1ce<\/h4>\n\t\t\t\t\t\t\t\t\n\t\t\t\t\t\t\t\t\t\t\t\t\t\t\t<div class=\"image-pro-entity image-pro-caption\">Burza pr\u00e1ce pro zam\u011bstnavatele.<\/div>\n\t\t\t\t\t\t\t\t \n\t\t\t\t\t\t\t\n\t\t\t\t\t\t<\/div>\n\t\t\t\t\t<\/div><!-- .image-pro-overlay -->\n\t\t\t\t\n\t\t\t<\/div>\n\t\t<\/div>\n\n    <\/div><!-- .image-pro-wrap -->\n\n\t\n\t\n\t<\/div><!-- \/module image pro --><!-- module text -->\n<div  class=\"module module-text tb_xya3219   \" data-lazy=\"1\">\n        <div  class=\"tb_text_wrap\">\n        <p>\u00a9 AdobeStock_487032897<\/p>    <\/div>\n<\/div>\n<!-- \/module text --><!-- module divider -->\n<div  class=\"module tf_mw module-divider tb_w8zo152 dotted   \" style=\"border-width: 1px;border-color: #000;margin-top: 10px;margin-bottom: 10px;\" data-lazy=\"1\">\n    <\/div>\n<!-- \/module divider -->\n<!-- module buttons -->\n<div  class=\"module module-buttons tb_s17z152 buttons-horizontal solid  large squared buttons-fullwidth\" data-lazy=\"1\">\n        <div class=\"module-buttons-item tf_in_flx\">\n                        <a href=\"https:\/\/www.arbeitsagentur.de\/jobsuche\/\" class=\"ui builder_button tf_in_flx tb_default_color\" target=\"_blank\" rel=\"noopener\">\n                                                Feder\u00e1ln\u00ed agentura pr\u00e1ce                                        <\/a>\n                <\/div>\n            <\/div>\n<!-- \/module buttons -->\n<!-- module divider -->\n<div  class=\"module tf_mw module-divider tb_ligc152 dotted   \" style=\"border-width: 1px;border-color: #000;\" data-lazy=\"1\">\n    <\/div>\n<!-- \/module divider -->\n        <\/div>\n                    <div  data-lazy=\"1\" class=\"module_column tb-column col3-1 tb_zqk4299 last\">\n                    <!-- module image pro -->\n<div  class=\"module module-pro-image tb_4yg7380 filter- effect-zoomin   tf_textc   entrance-effect-fadeIn\" data-lazy=\"1\" data-entrance-effect=\"fadeIn\" data-exit-effect=\"fadeOut\" >\n\t\n    <div class=\"image-pro-wrap tf_rel tf_overflow tf_inline_b\">\n\t\t\t\t<div class=\"image-pro-flip-box-wrap tf_rel tf_w tf_overflow\">\n\t\t\t<div class=\"image-pro-flip-box tf_rel\">\n\n\t\t\t\t<img loading=\"lazy\" decoding=\"async\" width=\"800\" height=\"533\" src=\"https:\/\/sep-pirna.de\/wp-content\/uploads\/2025\/05\/AdobeStock_15872872.jpg\" class=\"wp-post-image wp-image-3243\" title=\"Zam\u011bstnavatel Obec\" alt=\"Zam\u011bstnavatel Obec\" srcset=\"https:\/\/sep-pirna.de\/wp-content\/uploads\/2025\/05\/AdobeStock_15872872.jpg 800w, https:\/\/sep-pirna.de\/wp-content\/uploads\/2025\/05\/AdobeStock_15872872-300x200.jpg 300w, https:\/\/sep-pirna.de\/wp-content\/uploads\/2025\/05\/AdobeStock_15872872-768x512.jpg 768w\" sizes=\"auto, (max-width: 800px) 100vw, 800px\" \/>\n\t\t\t\t\t\t\t\t\t<div class=\"image-pro-overlay tf_hidden tf_abs\">\n\n\t\t\t\t\t\t\t\t\t\t\t\t\t<div class=\"image-pro-color-overlay tf_abs\" style=\"background-color:rgba(0,37,138, 0.65)\"><\/div>\n\t\t\t\t\t\t\n\t\t\t\t\t\t<div class=\"image-pro-overlay-inner\">\n\n\t\t\t\t\t\t\t\t\t\t\t\t\t\t\t<h4 class=\"image-pro-entity image-pro-title\">Zam\u011bstnavatel Obec<\/h4>\n\t\t\t\t\t\t\t\t\n\t\t\t\t\t\t\t\t\t\t\t\t\t\t\t<div class=\"image-pro-entity image-pro-caption\">Hled\u00e1te novou v\u00fdzvu?<\/div>\n\t\t\t\t\t\t\t\t \n\t\t\t\t\t\t\t\n\t\t\t\t\t\t<\/div>\n\t\t\t\t\t<\/div><!-- .image-pro-overlay -->\n\t\t\t\t\n\t\t\t<\/div>\n\t\t<\/div>\n\n    <\/div><!-- .image-pro-wrap -->\n\n\t\n\t\n\t<\/div><!-- \/module image pro --><!-- module text -->\n<div  class=\"module module-text tb_9ut4768   \" data-lazy=\"1\">\n        <div  class=\"tb_text_wrap\">\n        <p>\u00a9 AdobeStock_1281083994<\/p>    <\/div>\n<\/div>\n<!-- \/module text --><!-- module divider -->\n<div  class=\"module tf_mw module-divider tb_fqmn299 dotted   \" style=\"border-width: 1px;border-color: #000;margin-top: 10px;margin-bottom: 10px;\" data-lazy=\"1\">\n    <\/div>\n<!-- \/module divider -->\n<!-- module buttons -->\n<div  class=\"module module-buttons tb_s30o299 buttons-horizontal solid  large squared buttons-fullwidth\" data-lazy=\"1\">\n        <div class=\"module-buttons-item tf_in_flx\">\n                        <a href=\"https:\/\/www.pirna.de\/stadtinfo\/pirna-als-arbeitgeber\/stellenangebote\/\" class=\"ui builder_button tf_in_flx tb_default_color\" target=\"_blank\" rel=\"noopener\">\n                                                Nab\u00eddky pr\u00e1ce                                        <\/a>\n                <\/div>\n            <\/div>\n<!-- \/module buttons -->\n<!-- module divider -->\n<div  class=\"module tf_mw module-divider tb_qgao299 dotted   \" style=\"border-width: 1px;border-color: #000;\" data-lazy=\"1\">\n    <\/div>\n<!-- \/module divider -->\n        <\/div>\n                        <\/div>\n        <\/div>\n        <\/div>\n<!--\/themify_builder_content-->","protected":false},"excerpt":{"rendered":"<p>Fachkr\u00e4fte Potenziale Gute Fachkr\u00e4fte sind die Basis einer florierenden Wirtschaft Kvalifikovan\u00ed pracovn\u00edci a trh pr\u00e1ce Kvalifikovan\u00ed a motivovan\u00ed kvalifikovan\u00ed pracovn\u00edci jsou pro ka\u017edou spole\u010dnost d\u016fle\u017eit\u00fdm a st\u00e1le d\u016fle\u017eit\u011bj\u0161\u00edm faktorem \u00fasp\u011bchu. Z\u00e1klady pro to jsou polo\u017eeny v rozmanit\u00e9m m\u00edstn\u00edm \u0161kolsk\u00e9m prost\u0159ed\u00ed, ale tak\u00e9 v \u010detn\u00fdch centrech dal\u0161\u00edho vzd\u011bl\u00e1v\u00e1n\u00ed a v neposledn\u00ed \u0159ad\u011b na \u0161pi\u010dkov\u00fdch vysok\u00fdch \u0161kol\u00e1ch [&hellip;]<\/p>\n","protected":false},"author":1,"featured_media":0,"parent":3722,"menu_order":0,"comment_status":"closed","ping_status":"closed","template":"","meta":{"footnotes":""},"class_list":["post-3448","page","type-page","status-publish","hentry","has-post-title","has-post-date","has-post-category","has-post-tag","has-post-comment","has-post-author",""],"builder_content":"<h3 data-show-transition=\"up\" data-hide-transition=\"up\" data-show-duration=\"1000\" data-show-delay=\"300\" data-hide-duration=\"1000\" data-hide-delay=\"0\" >Fachkr\u00e4fte <\/h3> <article title=\"Wirtschaftsstandort Pirna\" data-bg=\"\/fileadmin\/_processed_\/0\/e\/csm_pirna-wirtschaftsstandort-dresden-gute-bedingungen_cbace9ea80.jpg\" data-ll-status=\"loaded\">\n<article title=\"Fachkr\u00e4fte in Pirna\" data-bg=\"\/fileadmin\/_processed_\/7\/5\/csm_pirna-wirtschaft-fachkraefte-gute-jobs-adobestock_c61b5cdb6f.jpeg\" data-ll-status=\"loaded\">\n<h3>Potenziale<\/h3>\nGute Fachkr\u00e4fte sind die Basis einer florierenden Wirtschaft\n<\/article>\n<\/article>\n<header>\n<h1>Kvalifikovan\u00ed pracovn\u00edci a trh pr\u00e1ce<\/h1>\n<\/header>\n<p>Kvalifikovan\u00ed a motivovan\u00ed kvalifikovan\u00ed pracovn\u00edci jsou pro ka\u017edou spole\u010dnost d\u016fle\u017eit\u00fdm a st\u00e1le d\u016fle\u017eit\u011bj\u0161\u00edm faktorem \u00fasp\u011bchu. Z\u00e1klady pro to jsou polo\u017eeny v rozmanit\u00e9m m\u00edstn\u00edm \u0161kolsk\u00e9m prost\u0159ed\u00ed, ale tak\u00e9 v \u010detn\u00fdch centrech dal\u0161\u00edho vzd\u011bl\u00e1v\u00e1n\u00ed a v neposledn\u00ed \u0159ad\u011b na \u0161pi\u010dkov\u00fdch vysok\u00fdch \u0161kol\u00e1ch a univerzit\u00e1ch v hlavn\u00edm m\u011bst\u011b na\u0161\u00ed spolkov\u00e9 zem\u011b. <\/p> <p>Ekonomika Pirny nab\u00edz\u00ed zaj\u00edmav\u00e9 mo\u017enosti vzd\u011bl\u00e1v\u00e1n\u00ed a zam\u011bstn\u00e1n\u00ed, kter\u00e9 zajist\u00ed budoucnost va\u0161\u00ed vlastn\u00ed firmy kvalifikovan\u00fdmi odborn\u00fdmi pracovn\u00edky a v neposledn\u00ed \u0159ad\u011b udr\u017e\u00ed Pirnu stabiln\u00ed a pos\u00edl\u00ed ji jako m\u00edsto pro podnik\u00e1n\u00ed. A\u0165 u\u017e se jedn\u00e1 o \u017e\u00e1dosti o zam\u011bstn\u00e1n\u00ed nebo nab\u00eddky pr\u00e1ce, sv\u00e9 slu\u017eby nab\u00edzej\u00ed r\u016fzn\u00ed partne\u0159i, a to jak pro zam\u011bstnavatele, tak pro uchaze\u010de o zam\u011bstn\u00e1n\u00ed. <\/p>\n<h4 style=\"text-align: left;\">Stadtentwicklungsgesellschaft Pirna mbH - Hospod\u00e1\u0159sk\u00fd rozvoj<\/h4>\nBreite Stra\u00dfe 2 01796 Pirna\nTelefon: <a href=\"tel:+49%203501%2056890\">+49 3501 56890<\/a>\n\n<a href=\"https:\/\/sep-pirna.de\/kontakt\" > <em><svg xmlns:xlink=\"http:\/\/www.w3.org\/1999\/xlink\" aria-hidden=\"true\"><use href=\"#tf-ti-angle-right\" xlink:href=\"#tf-ti-angle-right\"><\/use><\/svg><\/em> Kontaktujte n\u00e1s <\/a>\n<a href=\"#modal-tb_owar573-2\" >Link<\/a> \n <img src=\"https:\/\/sep-pirna.de\/wp-content\/uploads\/2025\/05\/AdobeStock_1281083994.jpg\" title=\"Navr\u00e1tilci jako kvalifikovan\u00ed pracovn\u00edci\" alt=\"Navr\u00e1tilci jako kvalifikovan\u00ed pracovn\u00edci\" srcset=\"https:\/\/sep-pirna.de\/wp-content\/uploads\/2025\/05\/AdobeStock_1281083994.jpg 800w, https:\/\/sep-pirna.de\/wp-content\/uploads\/2025\/05\/AdobeStock_1281083994-300x200.jpg 300w, https:\/\/sep-pirna.de\/wp-content\/uploads\/2025\/05\/AdobeStock_1281083994-768x512.jpg 768w\" sizes=\"(max-width: 800px) 100vw, 800px\" \/> \n \n <h4>Navr\u00e1tilci jako kvalifikovan\u00ed pracovn\u00edci<\/h4> Firmy mohou tak\u00e9 vyu\u017e\u00edt okresn\u00ed burzu pro navr\u00e1tilce a hledat kvalifikovan\u00e9 pracovn\u00edky a navr\u00e1tilce.\n<p>\u00a9 AdobeStock_1281083994<\/p>\n\n<a href=\"https:\/\/www.arbeit-leben-freizeit.de\/arbeit.html\" target=\"_blank\" rel=\"noopener\"> V\u00fdm\u011bna p\u0159i n\u00e1vratu dom\u016f <\/a>\n\n<img src=\"https:\/\/sep-pirna.de\/wp-content\/uploads\/2025\/05\/AdobeStock_487032897.jpg\" title=\"Feder\u00e1ln\u00ed agentura pr\u00e1ce\" alt=\"Feder\u00e1ln\u00ed agentura pr\u00e1ce\" srcset=\"https:\/\/sep-pirna.de\/wp-content\/uploads\/2025\/05\/AdobeStock_487032897.jpg 800w, https:\/\/sep-pirna.de\/wp-content\/uploads\/2025\/05\/AdobeStock_487032897-300x200.jpg 300w, https:\/\/sep-pirna.de\/wp-content\/uploads\/2025\/05\/AdobeStock_487032897-768x513.jpg 768w\" sizes=\"(max-width: 800px) 100vw, 800px\" \/> \n \n <h4>Feder\u00e1ln\u00ed agentura pr\u00e1ce<\/h4> Burza pr\u00e1ce pro zam\u011bstnavatele.\n<p>\u00a9 AdobeStock_487032897<\/p>\n\n<a href=\"https:\/\/www.arbeitsagentur.de\/jobsuche\/\" target=\"_blank\" rel=\"noopener\"> Feder\u00e1ln\u00ed agentura pr\u00e1ce <\/a>\n\n<img src=\"https:\/\/sep-pirna.de\/wp-content\/uploads\/2025\/05\/AdobeStock_15872872.jpg\" title=\"Zam\u011bstnavatel Obec\" alt=\"Zam\u011bstnavatel Obec\" srcset=\"https:\/\/sep-pirna.de\/wp-content\/uploads\/2025\/05\/AdobeStock_15872872.jpg 800w, https:\/\/sep-pirna.de\/wp-content\/uploads\/2025\/05\/AdobeStock_15872872-300x200.jpg 300w, https:\/\/sep-pirna.de\/wp-content\/uploads\/2025\/05\/AdobeStock_15872872-768x512.jpg 768w\" sizes=\"(max-width: 800px) 100vw, 800px\" \/> \n \n <h4>Zam\u011bstnavatel Obec<\/h4> Hled\u00e1te novou v\u00fdzvu?\n<p>\u00a9 AdobeStock_1281083994<\/p>\n\n<a href=\"https:\/\/www.pirna.de\/stadtinfo\/pirna-als-arbeitgeber\/stellenangebote\/\" target=\"_blank\" rel=\"noopener\"> Nab\u00eddky pr\u00e1ce <\/a>\n","_links":{"self":[{"href":"https:\/\/sep-pirna.de\/cs\/wp-json\/wp\/v2\/pages\/3448","targetHints":{"allow":["GET"]}}],"collection":[{"href":"https:\/\/sep-pirna.de\/cs\/wp-json\/wp\/v2\/pages"}],"about":[{"href":"https:\/\/sep-pirna.de\/cs\/wp-json\/wp\/v2\/types\/page"}],"author":[{"embeddable":true,"href":"https:\/\/sep-pirna.de\/cs\/wp-json\/wp\/v2\/users\/1"}],"replies":[{"embeddable":true,"href":"https:\/\/sep-pirna.de\/cs\/wp-json\/wp\/v2\/comments?post=3448"}],"version-history":[{"count":6,"href":"https:\/\/sep-pirna.de\/cs\/wp-json\/wp\/v2\/pages\/3448\/revisions"}],"predecessor-version":[{"id":4177,"href":"https:\/\/sep-pirna.de\/cs\/wp-json\/wp\/v2\/pages\/3448\/revisions\/4177"}],"up":[{"embeddable":true,"href":"https:\/\/sep-pirna.de\/cs\/wp-json\/wp\/v2\/pages\/3722"}],"wp:attachment":[{"href":"https:\/\/sep-pirna.de\/cs\/wp-json\/wp\/v2\/media?parent=3448"}],"curies":[{"name":"wp","href":"https:\/\/api.w.org\/{rel}","templated":true}]}}