{"id":3430,"date":"2025-06-19T09:49:18","date_gmt":"2025-06-19T07:49:18","guid":{"rendered":"https:\/\/sep-pirna.de\/obytne-oblasti\/"},"modified":"2025-07-21T15:07:22","modified_gmt":"2025-07-21T13:07:22","slug":"obytne-oblasti","status":"publish","type":"page","link":"https:\/\/sep-pirna.de\/cs\/o-nas\/dokoncene-projekty\/obytne-oblasti\/","title":{"rendered":"Obytn\u00e9 oblasti"},"content":{"rendered":"<!--themify_builder_content-->\n<div id=\"themify_builder_content-3430\" data-postid=\"3430\" class=\"themify_builder_content themify_builder_content-3430 themify_builder tf_clear\">\n                    <div  data-lazy=\"1\" class=\"module_row themify_builder_row tb_w3oo193 tb_first tf_w\">\n                        <div class=\"row_inner col_align_top tb_col_count_1 tf_box tf_rel\">\n                        <div  data-lazy=\"1\" class=\"module_column tb-column col-full tb_wk2r195 first\">\n                    <!-- Slider Pro module -->\n<div  class=\"module module-pro-slider tb_nwou469 pager-standard pager-type-circle \" data-loop=\"\" data-autoplay=\"off\" data-hover-pause=\"pause\" data-timer-bar=\"\" data-slider-width=\"\" data-slider-height=\"400\" data-touch-swipe-desktop=\"1\" data-touch-swipe-mobile=\"1\" data-lazy=\"1\">\n\t\t\t\t<div class=\"slider-pro tf_rel tf_hidden tf_lazy\">\n\t\t\t\t\t\t<div class=\"sp-mask tf_rel tf_overflow\" style=\"height:400px\">\n\t\t\t\t<div class=\"sp-slides tf_rel\">\n\t\t\t\t\t\t\t\t\t\t\t\t\t\t\t\t\t<div class=\"sp-slide sp-slide-0 sp-slide-type-Image  sp-selected bsp-slide-content-right tf_w\" data-transition=\"zoomOut\" data-duration=\"1\"  style=\"background-image:url(https:\/\/sep-pirna.de\/wp-content\/uploads\/2025\/05\/csm_slider-wohnen-bauen-schoen-leben-dauterstedt_7996c280c7-1024x352-1163x400.jpg)\">\n\t\t\t\t\t\t\t\t\t\t\t\t\t\t<div class=\"bsp-layers-overlay tf_rel tf_w\">\n\t\t\t\t\t\t\t\t<div class=\"sp-slide-wrap\">\n\t\t\t\t\t\t\t\t\t\t\t\t\t\t\t\t\t\t\t<div class=\"sp-layer sp-slide-image tf_box\"\n\t\t\t\t\t\t\t\t\t\t\t\t\t\t\t\t\t\t\t\t\t > \t\n\t\t\t\t\t\t\t\t\t\t\t<img src=\"data:image\/svg+xml,%3Csvg%20xmlns=%27http:\/\/www.w3.org\/2000\/svg%27%20width='632'%20height='249'%20viewBox=%270%200%20632%20249%27%3E%3C\/svg%3E\" loading=\"lazy\" data-lazy=\"1\" data-tf-not-load=\"1\" style=\"background:linear-gradient(to right,#000000 25%,#000000 25% 50%,#000000 50% 75%,#000000 75%),linear-gradient(to right,#7b7c7e 25%,#000000 25% 50%,#000000 50% 75%,#000000 75%),linear-gradient(to right,#000000 25%,#ffffff 25% 50%,#ffffff 50% 75%,#000000 75%),linear-gradient(to right,#000000 25%,#000000 25% 50%,#000000 50% 75%,#000000 75%)\" decoding=\"async\" data-tf-src=\"https:\/\/sep.webla.de\/wp-content\/uploads\/2025\/05\/SEP_minimal_white.png\" width=\"632\" height=\"249\" class=\"tf_svg_lazy bsp-content-img\" title=\"Obytn\u00e9 oblasti\" alt=\"Obytn\u00e9 oblasti\"><noscript><img loading=\"lazy\" decoding=\"async\" data-tf-not-load src=\"https:\/\/sep.webla.de\/wp-content\/uploads\/2025\/05\/SEP_minimal_white.png\" width=\"632\" height=\"249\" class=\"bsp-content-img\" title=\"Obytn\u00e9 oblasti\" alt=\"Obytn\u00e9 oblasti\"><\/noscript>\t\t\t\t\t\t\t\t\t\t<\/div>\n\t\t\t\t\t\t\t\t\t\t\t\t\t\t\t\t\t\t<div class=\"sp-slide-text tf_box\">\n\t\t\t\t\t\t\t\t\t\t\t\t\t\t\t\t\t\t\t\t\t<h3 class=\"sp-layer bsp-slide-post-title\"\n\t\t\t\t\t\t\t\t\t\t\t\t\t\t\t\t\t\t\t\t\t\t\t\tdata-show-transition=\"up\"\n\t\t\t\t\t\t\t\t\t\t\t\t\tdata-hide-transition=\"up\"\n\t\t\t\t\t\t\t\t\t\t\t\t\tdata-show-duration=\"1000\"\n\t\t\t\t\t\t\t\t\t\t\t\t\tdata-show-delay=\"300\"\n\t\t\t\t\t\t\t\t\t\t\t\t\tdata-hide-duration=\"1000\"\n\t\t\t\t\t\t\t\t\t\t\t\t\tdata-hide-delay=\"0\"\n\t\t\t\t\t\t\t\t\t\t\t\t>Abgeschlossene Projekte\t\t\t\t\t\t\t\t\t\t\t<\/h3>\n\t\t\t\t\t\t\t\t\t\t\n\t\t\t\t\t\t\t\t\t\t\t\t\t\t\t\t\t\t\t\t\t<div class=\"sp-layer bsp-slide-excerpt\"\n\t\t\t\t\t\t\t\t\t\t\t\t\t\t\t\t\t\t\t\t\t\t\t\t data-show-transition=\"up\"\n\t\t\t\t\t\t\t\t\t\t\t\t\t data-hide-transition=\"up\"\n\t\t\t\t\t\t\t\t\t\t\t\t\t data-show-duration=\"1000\"\n\t\t\t\t\t\t\t\t\t\t\t\t\t data-show-delay=\"600\"\n\t\t\t\t\t\t\t\t\t\t\t\t\t data-hide-duration=\"1000\"\n\t\t\t\t\t\t\t\t\t\t\t\t\t data-hide-delay=\"0\"\n\t\t\t\t\t\t\t\t\t\t\t\t ><article class=\"hero-teaser lazy entered loaded\" title=\"Wirtschaftsstandort Pirna\" data-bg=\"\/fileadmin\/_processed_\/0\/e\/csm_pirna-wirtschaftsstandort-dresden-gute-bedingungen_cbace9ea80.jpg\" data-ll-status=\"loaded\">\n<h3 class=\"hero-teaser__overlay\"><span class=\"hero-teaser__name font--h1\">Wohngebiete<\/span><\/h3>\n<div class=\"hero-teaser__overlay\">\n<p><span class=\"hero-teaser__name font--h1\">\u00a0<\/span><\/p>\n<div class=\"hero-teaser__hidden-mobile\">\n<div class=\"hero-teaser__description font--float-1 spacing-bottom--large dotdotdot\">In Pirna ist alles m\u00f6glich \u2013 von der Erneuerung eines Altbaus bis zum Eigenheim-Neubau oder der Errichtung von vermietbaren Wohnungen.<\/div>\n<div>\u00a0<\/div>\n<\/div>\n<\/div>\n<h6><span style=\"color: #ffffff;\">\u00a9 Jens Dauterstedt <\/span><\/h6>\n<div class=\"hero-teaser__overlay\">\n<div class=\"hero-teaser__hidden-mobile\">\n<div class=\"hero-teaser__description font--float-1 spacing-bottom--large dotdotdot\">\u00a0<\/div>\n<div class=\"hero-teaser__description font--float-1 spacing-bottom--large dotdotdot\">\u00a0<\/div>\n<\/div>\n<\/div>\n<\/article>\t\t\t\t\t\t\t\t\t\t\t<\/div>\n\t\t\t\t\t\t\t\t\t\t\t\t\t\t\t\t\t\t\t\t\t\n\t\t\t\t\t\t\t\t\t\t\t\t\t\t\t\t\t\t\t<\/div>\n\t\t\t\t\t\t\t\t\t<!-- \/sp-slide-text -->\n\t\t\t\t\t\t\t\t<\/div><!-- .sp-slide-wrap -->\n\t\t\t\t\t\t\t<\/div><!-- .bsp-layers-overlay -->\n\t\t\t\t\t\t<\/div><!-- .sp-slide -->\n\t\t\t\t\t\t\t\t\t<\/div><!-- .sp-slides -->\n\t\t\t<\/div>\n\t\t\t\t\t<\/div><!-- .slider-pro -->\n\t\t<style>\n.tb_nwou469 .sp-slide-0 .bsp-slide-excerpt,.tb_nwou469 .sp-slide-0 .bsp-slide-excerpt p,.tb_nwou469 .sp-slide-0 .sp-slide-text .bsp-slide-post-title{color:#ffffff}\n<\/style><\/div>\n<!-- \/Slider Pro module -->\n        <\/div>\n                        <\/div>\n        <\/div>\n                        <div  data-css_id=\"dzbd88\" data-lazy=\"1\" class=\"module_row themify_builder_row fullwidth_row_container tb_dzbd88 tf_w\">\n            <span class=\"tb_row_frame_wrap tf_overflow tf_abs\" data-lazy=\"1\"><span class=\"tb_row_frame tb_row_frame_top  tf_abs tf_hide tf_overflow tf_w\"><\/span><span class=\"tb_row_frame tb_row_frame_bottom  tf_abs tf_hide tf_overflow tf_w\"><\/span><\/span>            <div class=\"row_inner col_align_top tb_col_count_2 tf_box tf_rel\">\n                        <div  data-lazy=\"1\" class=\"module_column tb-column col4-2 tb_7jxm586 first\">\n                    <!-- module text -->\n<div  class=\"module module-text tb_5sto86   \" data-lazy=\"1\">\n        <div  class=\"tb_text_wrap\">\n        <div class=\"module module-text tb_5sto86\">\n<div class=\"tb_text_wrap\">\n<div class=\"content-block content-block--light content-block--small-space-before \">\n<div class=\"content-block__padding\"><header>\n<div class=\"content-block__header\">\n<h1 class=\"font--h1 \">Budova v Pirn\u011b<\/h1>\n<\/div>\n<\/header><\/div>\n<\/div>\n<div class=\"content-block content-block--light content-block--large-space-after\">\n<div class=\"content-block__padding\">\n<div class=\"text\">\n<div class=\"text-wrapper\">\n<p>Po rozhodnut\u00ed postavit si vlastn\u00ed d\u016fm v\u00e1s obvykle \u010dek\u00e1 dlouh\u00e1 cesta pln\u00e1 nov\u00fdch probl\u00e9m\u016f a nezodpov\u011bzen\u00fdch ot\u00e1zek. Ale odm\u011bna na konci &#8211; vlastnictv\u00ed domu &#8211; vynahrad\u00ed v\u0161echnu n\u00e1mahu. Ve vlastn\u00edch \u010dty\u0159ech st\u011bn\u00e1ch m\u016f\u017eete b\u00fdt sami sob\u011b p\u00e1nem a v\u0161e m\u011bnit a navrhovat podle vlastn\u00edch p\u0159edstav.  <\/p>\n<p>Stadtentwicklungsgesellschaft Pirna mbH v\u00e1m r\u00e1da poskytne rady a pomoc, kter\u00e9 v\u00e1m usnadn\u00ed jednotliv\u00e9 f\u00e1ze stavebn\u00edho projektu.<\/p>\n<\/div>\n<\/div>\n<\/div>\n<\/div>\n<\/div>\n<\/div>    <\/div>\n<\/div>\n<!-- \/module text -->        <\/div>\n                    <div  data-lazy=\"1\" class=\"module_column tb-column col4-2 tb_zkrp166 last\">\n                    <!-- module text -->\n<div  class=\"module module-text tb_2mf7166   \" data-lazy=\"1\">\n        <div  class=\"tb_text_wrap\">\n        <div class=\"module module-text tb_5sto86\">\n<div class=\"tb_text_wrap\">\n<h4 style=\"text-align: left;\">Urbanistick\u00e1 spole\u010dnost Pirna mbH<\/h4>\n<div style=\"text-align: left;\">\n<div>Breite Stra\u00dfe 2<\/div>\n<div>01796 Pirna<\/div>\n<\/div>\n<div style=\"text-align: left;\">Telefon: <a class=\"link link--tel\" href=\"tel:+49%203501%2056890\">+49 3501 56890<\/a><\/div>\n<\/div>\n<\/div>    <\/div>\n<\/div>\n<!-- \/module text --><!-- module divider -->\n<div  class=\"module tf_mw module-divider tb_na9z243 dotted   \" style=\"border-width: 1px;border-color: #000;\" data-lazy=\"1\">\n    <\/div>\n<!-- \/module divider -->\n<!-- module buttons -->\n<div  class=\"module module-buttons tb_27x5508 buttons-horizontal solid  xlarge squared buttons-fullwidth\" data-lazy=\"1\">\n        <div class=\"module-buttons-item tf_in_flx\">\n                        <a href=\"https:\/\/sep-pirna.de\/kontakt\" class=\"ui builder_button tf_in_flx tb_default_color\" >\n                                    <em><svg  class=\"tf_fa tf-ti-angle-right\" xmlns:xlink=\"http:\/\/www.w3.org\/1999\/xlink\" aria-hidden=\"true\"><use href=\"#tf-ti-angle-right\" xlink:href=\"#tf-ti-angle-right\"><\/use><\/svg><\/em>                                        Kontaktujte n\u00e1s                                        <\/a>\n                <\/div>\n            <\/div>\n<!-- \/module buttons -->\n        <\/div>\n                        <\/div>\n        <\/div>\n                        <div  data-css_id=\"jelo907\" data-lazy=\"1\" class=\"module_row themify_builder_row fullwidth_row_container tb_jelo907 tf_w\">\n            <span class=\"tb_row_frame_wrap tf_overflow tf_abs\" data-lazy=\"1\"><span class=\"tb_row_frame tb_row_frame_top  tf_abs tf_hide tf_overflow tf_w\"><\/span><span class=\"tb_row_frame tb_row_frame_bottom  tf_abs tf_hide tf_overflow tf_w\"><\/span><\/span>            <div class=\"row_inner col_align_top tb_col_count_4 tf_box tf_rel\">\n                        <div  data-lazy=\"1\" class=\"module_column tb-column col4-1 tb_zqk4299 first\">\n                    <!-- module text -->\n<div  class=\"module module-text tb_8x0j299   \" data-lazy=\"1\">\n        <div  class=\"tb_text_wrap\">\n        <h3 class=\"font--h3 font--h--left\">Obytn\u00e1 z\u00f3na M\u00e4delgraben Pirna-Cunnersdorf<\/h3>    <\/div>\n<\/div>\n<!-- \/module text --><!-- module image -->\n<div  class=\"module module-image tb_0xx7299 image-top   tf_mw\" data-lazy=\"1\">\n        <div class=\"image-wrap tf_rel tf_mw\">\n            <img loading=\"lazy\" decoding=\"async\" src=\"https:\/\/sep-pirna.de\/wp-content\/uploads\/2025\/05\/Ausschnitt-1024x684-400x300.jpg\" width=\"400\" height=\"300\" class=\"wp-post-image wp-image-3343\" title=\"Ausschnitt\" alt=\"Jens Dauterstedt\">    \n        <\/div>\n    <!-- \/image-wrap -->\n    \n        <div class=\"image-content\">\n                        <div class=\"image-caption tb_text_wrap\">\n            Jens Dauterstedt        <\/div>\n        <!-- \/image-caption -->\n            <\/div>\n    <!-- \/image-content -->\n        <\/div>\n<!-- \/module image --><!-- module text -->\n<div  class=\"module module-text tb_1247299   \" data-lazy=\"1\">\n        <div  class=\"tb_text_wrap\">\n        <div class=\"box__padding box__padding--no-top\">\n<div class=\"box__padding box__padding--no-top\">\n<p style=\"text-align: center;\">V kr\u00e1sn\u00e9 p\u0159\u00edm\u011bstsk\u00e9 lokalit\u011b vznikla reziden\u010dn\u00ed \u010dtvr\u0165 s v\u00edce ne\u017e 30 rodinn\u00fdmi domy.<\/p>\n<p> <\/p>\n<\/div>\n<\/div>    <\/div>\n<\/div>\n<!-- \/module text --><!-- module divider -->\n<div  class=\"module tf_mw module-divider tb_qgao299 dotted   \" style=\"border-width: 1px;border-color: #000;margin-bottom: 20px;\" data-lazy=\"1\">\n    <\/div>\n<!-- \/module divider -->\n<!-- module buttons -->\n<div  class=\"module module-buttons tb_fvj8717 buttons-horizontal solid  large squared buttons-fullwidth\" data-lazy=\"1\">\n        <div class=\"module-buttons-item tf_in_flx\">\n                        <a href=\"https:\/\/sep-pirna.de\/wp-content\/uploads\/2025\/05\/Flyer-Maedelgraben.pdf\" class=\"ui builder_button tf_in_flx tb_default_color\" target=\"_blank\" rel=\"noopener\">\n                                                V\u00edce informac\u00ed                                        <\/a>\n                <\/div>\n            <\/div>\n<!-- \/module buttons -->\n        <\/div>\n                    <div  data-lazy=\"1\" class=\"module_column tb-column col4-1 tb_vhhj907\">\n                    <!-- module text -->\n<div  class=\"module module-text tb_75mg907   \" data-lazy=\"1\">\n        <div  class=\"tb_text_wrap\">\n        <h3 class=\"font--h3 font--h--left\">Obytn\u00fd park Zehista<\/h3>    <\/div>\n<\/div>\n<!-- \/module text --><!-- module image -->\n<div  class=\"module module-image tb_4b1e417 image-top   tf_mw\" data-lazy=\"1\">\n        <div class=\"image-wrap tf_rel tf_mw\">\n            <img loading=\"lazy\" decoding=\"async\" src=\"https:\/\/sep-pirna.de\/wp-content\/uploads\/2025\/07\/Luftbild-Zehista-400x300.jpg\" width=\"400\" height=\"300\" class=\"wp-post-image wp-image-3901\" title=\"Luftbild Zehista\" alt=\"Zemsk\u00fd \u00fa\u0159ad Sasko\">    \n        <\/div>\n    <!-- \/image-wrap -->\n    \n        <div class=\"image-content\">\n                        <div class=\"image-caption tb_text_wrap\">\n            Zemsk\u00fd \u00fa\u0159ad Sasko        <\/div>\n        <!-- \/image-caption -->\n            <\/div>\n    <!-- \/image-content -->\n        <\/div>\n<!-- \/module image --><!-- module text -->\n<div  class=\"module module-text tb_epm9641   \" data-lazy=\"1\">\n        <div  class=\"tb_text_wrap\">\n        <p>Pozemek pro rodinn\u00fd d\u016fm s jeden\u00e1cti parcelami.<\/p>    <\/div>\n<\/div>\n<!-- \/module text --><!-- module divider -->\n<div  class=\"module tf_mw module-divider tb_prj7169 dotted   \" style=\"border-width: 1px;border-color: #000;margin-bottom: 20px;\" data-lazy=\"1\">\n    <\/div>\n<!-- \/module divider -->\n<!-- module buttons -->\n<div  class=\"module module-buttons tb_lv61399 buttons-horizontal solid  large squared buttons-fullwidth\" data-lazy=\"1\">\n        <div class=\"module-buttons-item tf_in_flx\">\n                        <a href=\"https:\/\/sep-pirna.de\/investieren-in-pirna\/wohnstandorte\/wohngebiet-am-speicher\/\" class=\"ui builder_button tf_in_flx tb_default_color\" >\n                                                V\u00edce informac\u00ed                                        <\/a>\n                <\/div>\n            <\/div>\n<!-- \/module buttons -->\n<!-- module divider -->\n<div  class=\"module tf_mw module-divider tb_e2yu724 dotted   \" style=\"border-width: 1px;border-color: #000;\" data-lazy=\"1\">\n    <\/div>\n<!-- \/module divider -->\n        <\/div>\n                    <div  data-lazy=\"1\" class=\"module_column tb-column col4-1 tb_2xjx152\">\n                    <!-- module text -->\n<div  class=\"module module-text tb_t7je152   \" data-lazy=\"1\">\n        <div  class=\"tb_text_wrap\">\n        <h3 class=\"font--h3 font--h--left\">Obytn\u00e1 z\u00f3na Hohe Stra\u00dfe<\/h3>    <\/div>\n<\/div>\n<!-- \/module text --><!-- module image -->\n<div  class=\"module module-image tb_hy9v152 image-top   tf_mw\" data-lazy=\"1\">\n        <div class=\"image-wrap tf_rel tf_mw\">\n            <img loading=\"lazy\" decoding=\"async\" src=\"https:\/\/sep-pirna.de\/wp-content\/uploads\/2025\/07\/Visualisierung-1024x682-400x300.jpg\" width=\"400\" height=\"300\" class=\"wp-post-image wp-image-3906\" title=\"Visualisierung\" alt=\"\u00a9 archlab\">    \n        <\/div>\n    <!-- \/image-wrap -->\n    \n        <div class=\"image-content\">\n                        <div class=\"image-caption tb_text_wrap\">\n            \u00a9 archlab        <\/div>\n        <!-- \/image-caption -->\n            <\/div>\n    <!-- \/image-content -->\n        <\/div>\n<!-- \/module image --><!-- module text -->\n<div  class=\"module module-text tb_b8xd152   \" data-lazy=\"1\">\n        <div  class=\"tb_text_wrap\">\n        <div class=\"box__padding box__padding--no-top\">\n<p style=\"text-align: center;\">Z b\u00fdval\u00e9ho gar\u00e1\u017eov\u00e9ho dvora obytn\u00e1 z\u00f3na &#8211; m\u00edsto pro t\u0159i rodinn\u00e9 domy a jeden bytov\u00fd d\u016fm.<\/p>\n<\/div>    <\/div>\n<\/div>\n<!-- \/module text --><!-- module divider -->\n<div  class=\"module tf_mw module-divider tb_w8zo152 dotted   \" style=\"border-width: 1px;border-color: #000;margin-bottom: 20px;\" data-lazy=\"1\">\n    <\/div>\n<!-- \/module divider -->\n<!-- module buttons -->\n<div  class=\"module module-buttons tb_1rz2129 buttons-horizontal solid  large squared buttons-fullwidth\" data-lazy=\"1\">\n        <div class=\"module-buttons-item tf_in_flx\">\n                        <a href=\"https:\/\/sep-pirna.de\/investieren-in-pirna\/wohnstandorte\/wohngebiet-am-speicher\/\" class=\"ui builder_button tf_in_flx tb_default_color\" >\n                                                V\u00edce informac\u00ed                                        <\/a>\n                <\/div>\n            <\/div>\n<!-- \/module buttons -->\n        <\/div>\n                    <div  data-lazy=\"1\" class=\"module_column tb-column col4-1 tb_vv9o873 last\">\n                    <!-- module text -->\n<div  class=\"module module-text tb_b0s8873   \" data-lazy=\"1\">\n        <div  class=\"tb_text_wrap\">\n        <h3 class=\"font--h3 font--h--left\">Obytn\u00fd park Vogelwiese Pirna-Copitz<\/h3>    <\/div>\n<\/div>\n<!-- \/module text --><!-- module image -->\n<div  class=\"module module-image tb_038a873 image-top   tf_mw\" data-lazy=\"1\">\n        <div class=\"image-wrap tf_rel tf_mw\">\n            <img loading=\"lazy\" decoding=\"async\" src=\"https:\/\/sep-pirna.de\/wp-content\/uploads\/2025\/05\/Praesentation2-1-1024x576-400x300.jpg\" width=\"400\" height=\"300\" class=\"wp-post-image wp-image-3351\" title=\"Pr\u00e4sentation2\" alt=\"Jens Dauterstedt\">    \n        <\/div>\n    <!-- \/image-wrap -->\n    \n        <div class=\"image-content\">\n                        <div class=\"image-caption tb_text_wrap\">\n            Jens Dauterstedt        <\/div>\n        <!-- \/image-caption -->\n            <\/div>\n    <!-- \/image-content -->\n        <\/div>\n<!-- \/module image --><!-- module text -->\n<div  class=\"module module-text tb_g0gj873   \" data-lazy=\"1\">\n        <div  class=\"tb_text_wrap\">\n        <div class=\"box__padding box__padding--no-top\">\n<p style=\"text-align: center;\">Tato reziden\u010dn\u00ed \u010dtvr\u0165 byla postavena na jednom z nejkr\u00e1sn\u011bj\u0161\u00edch m\u00edst ve m\u011bst\u011b, vysoko nad Labem a naproti star\u00e9mu m\u011bstu Pirna.  <\/p>\n<\/div>    <\/div>\n<\/div>\n<!-- \/module text --><!-- module divider -->\n<div  class=\"module tf_mw module-divider tb_xaq1873 dotted   \" style=\"border-width: 1px;border-color: #000;margin-bottom: 20px;\" data-lazy=\"1\">\n    <\/div>\n<!-- \/module divider -->\n<!-- module buttons -->\n<div  class=\"module module-buttons tb_gboo416 buttons-horizontal solid  large squared buttons-fullwidth\" data-lazy=\"1\">\n        <div class=\"module-buttons-item tf_in_flx\">\n                        <a href=\"https:\/\/sep-pirna.de\/wp-content\/uploads\/2025\/05\/Endversion_klein.pdf\" class=\"ui builder_button tf_in_flx tb_default_color\" target=\"_blank\" rel=\"noopener\">\n                                                V\u00edce informac\u00ed                                        <\/a>\n                <\/div>\n            <\/div>\n<!-- \/module buttons -->\n        <\/div>\n                        <\/div>\n        <\/div>\n        <\/div>\n<!--\/themify_builder_content-->","protected":false},"excerpt":{"rendered":"<p>Abgeschlossene Projekte Wohngebiete \u00a0 In Pirna ist alles m\u00f6glich \u2013 von der Erneuerung eines Altbaus bis zum Eigenheim-Neubau oder der Errichtung von vermietbaren Wohnungen. \u00a0 \u00a9 Jens Dauterstedt \u00a0 \u00a0 Budova v Pirn\u011b Po rozhodnut\u00ed postavit si vlastn\u00ed d\u016fm v\u00e1s obvykle \u010dek\u00e1 dlouh\u00e1 cesta pln\u00e1 nov\u00fdch probl\u00e9m\u016f a nezodpov\u011bzen\u00fdch ot\u00e1zek. Ale odm\u011bna na konci &#8211; [&hellip;]<\/p>\n","protected":false},"author":1,"featured_media":0,"parent":3439,"menu_order":0,"comment_status":"closed","ping_status":"closed","template":"","meta":{"footnotes":""},"class_list":["post-3430","page","type-page","status-publish","hentry","has-post-title","has-post-date","has-post-category","has-post-tag","has-post-comment","has-post-author",""],"builder_content":"<img src=\"data:image\/svg+xml,%3Csvg%20xmlns=%27http:\/\/www.w3.org\/2000\/svg%27%20width='632'%20height='249'%20viewBox=%270%200%20632%20249%27%3E%3C\/svg%3E\" loading=\"lazy\" data-lazy=\"1\" data-tf-not-load=\"1\" style=\"background:linear-gradient(to right,#000000 25%,#000000 25% 50%,#000000 50% 75%,#000000 75%),linear-gradient(to right,#7b7c7e 25%,#000000 25% 50%,#000000 50% 75%,#000000 75%),linear-gradient(to right,#000000 25%,#ffffff 25% 50%,#ffffff 50% 75%,#000000 75%),linear-gradient(to right,#000000 25%,#000000 25% 50%,#000000 50% 75%,#000000 75%)\" decoding=\"async\" data-tf-src=\"https:\/\/sep.webla.de\/wp-content\/uploads\/2025\/05\/SEP_minimal_white.png\" width=\"632\" height=\"249\" title=\"Obytn\u00e9 oblasti\" alt=\"Obytn\u00e9 oblasti\"><noscript><img data-tf-not-load src=\"https:\/\/sep.webla.de\/wp-content\/uploads\/2025\/05\/SEP_minimal_white.png\" width=\"632\" height=\"249\" title=\"Obytn\u00e9 oblasti\" alt=\"Obytn\u00e9 oblasti\"><\/noscript> <h3 data-show-transition=\"up\" data-hide-transition=\"up\" data-show-duration=\"1000\" data-show-delay=\"300\" data-hide-duration=\"1000\" data-hide-delay=\"0\" >Abgeschlossene Projekte <\/h3> <article title=\"Wirtschaftsstandort Pirna\" data-bg=\"\/fileadmin\/_processed_\/0\/e\/csm_pirna-wirtschaftsstandort-dresden-gute-bedingungen_cbace9ea80.jpg\" data-ll-status=\"loaded\"> <h3>Wohngebiete<\/h3>\n<p>\u00a0<\/p>\nIn Pirna ist alles m\u00f6glich \u2013 von der Erneuerung eines Altbaus bis zum Eigenheim-Neubau oder der Errichtung von vermietbaren Wohnungen. \u00a0\n<h6>\u00a9 Jens Dauterstedt <\/h6>\n\u00a0 \u00a0\n<\/article>\n<header>\n<h1>Budova v Pirn\u011b<\/h1>\n<\/header>\n<p>Po rozhodnut\u00ed postavit si vlastn\u00ed d\u016fm v\u00e1s obvykle \u010dek\u00e1 dlouh\u00e1 cesta pln\u00e1 nov\u00fdch probl\u00e9m\u016f a nezodpov\u011bzen\u00fdch ot\u00e1zek. Ale odm\u011bna na konci - vlastnictv\u00ed domu - vynahrad\u00ed v\u0161echnu n\u00e1mahu. Ve vlastn\u00edch \u010dty\u0159ech st\u011bn\u00e1ch m\u016f\u017eete b\u00fdt sami sob\u011b p\u00e1nem a v\u0161e m\u011bnit a navrhovat podle vlastn\u00edch p\u0159edstav. <\/p> <p>Stadtentwicklungsgesellschaft Pirna mbH v\u00e1m r\u00e1da poskytne rady a pomoc, kter\u00e9 v\u00e1m usnadn\u00ed jednotliv\u00e9 f\u00e1ze stavebn\u00edho projektu.<\/p>\n<h4 style=\"text-align: left;\">Urbanistick\u00e1 spole\u010dnost Pirna mbH<\/h4>\nBreite Stra\u00dfe 2 01796 Pirna\nTelefon: <a href=\"tel:+49%203501%2056890\">+49 3501 56890<\/a>\n\n<a href=\"https:\/\/sep-pirna.de\/kontakt\" > <em><svg xmlns:xlink=\"http:\/\/www.w3.org\/1999\/xlink\" aria-hidden=\"true\"><use href=\"#tf-ti-angle-right\" xlink:href=\"#tf-ti-angle-right\"><\/use><\/svg><\/em> Kontaktujte n\u00e1s <\/a>\n<h3>Obytn\u00e1 z\u00f3na M\u00e4delgraben Pirna-Cunnersdorf<\/h3>\n<img src=\"https:\/\/sep-pirna.de\/wp-content\/uploads\/2025\/05\/Ausschnitt-1024x684-400x300.jpg\" width=\"400\" height=\"300\" title=\"Ausschnitt\" alt=\"Jens Dauterstedt\"> Jens Dauterstedt\n<p style=\"text-align: center;\">V kr\u00e1sn\u00e9 p\u0159\u00edm\u011bstsk\u00e9 lokalit\u011b vznikla reziden\u010dn\u00ed \u010dtvr\u0165 s v\u00edce ne\u017e 30 rodinn\u00fdmi domy.<\/p> <p> <\/p>\n\n<a href=\"https:\/\/sep-pirna.de\/wp-content\/uploads\/2025\/05\/Flyer-Maedelgraben.pdf\" target=\"_blank\" rel=\"noopener\"> V\u00edce informac\u00ed <\/a>\n<h3>Obytn\u00fd park Zehista<\/h3>\n<img src=\"https:\/\/sep-pirna.de\/wp-content\/uploads\/2025\/07\/Luftbild-Zehista-400x300.jpg\" width=\"400\" height=\"300\" title=\"Luftbild Zehista\" alt=\"Zemsk\u00fd \u00fa\u0159ad Sasko\"> Zemsk\u00fd \u00fa\u0159ad Sasko\n<p>Pozemek pro rodinn\u00fd d\u016fm s jeden\u00e1cti parcelami.<\/p>\n\n<a href=\"https:\/\/sep-pirna.de\/investieren-in-pirna\/wohnstandorte\/wohngebiet-am-speicher\/\" > V\u00edce informac\u00ed <\/a>\n\n<h3>Obytn\u00e1 z\u00f3na Hohe Stra\u00dfe<\/h3>\n<img src=\"https:\/\/sep-pirna.de\/wp-content\/uploads\/2025\/07\/Visualisierung-1024x682-400x300.jpg\" width=\"400\" height=\"300\" title=\"Visualisierung\" alt=\"\u00a9 archlab\"> \u00a9 archlab\n<p style=\"text-align: center;\">Z b\u00fdval\u00e9ho gar\u00e1\u017eov\u00e9ho dvora obytn\u00e1 z\u00f3na - m\u00edsto pro t\u0159i rodinn\u00e9 domy a jeden bytov\u00fd d\u016fm.<\/p>\n\n<a href=\"https:\/\/sep-pirna.de\/investieren-in-pirna\/wohnstandorte\/wohngebiet-am-speicher\/\" > V\u00edce informac\u00ed <\/a>\n<h3>Obytn\u00fd park Vogelwiese Pirna-Copitz<\/h3>\n<img src=\"https:\/\/sep-pirna.de\/wp-content\/uploads\/2025\/05\/Praesentation2-1-1024x576-400x300.jpg\" width=\"400\" height=\"300\" title=\"Pr\u00e4sentation2\" alt=\"Jens Dauterstedt\"> Jens Dauterstedt\n<p style=\"text-align: center;\">Tato reziden\u010dn\u00ed \u010dtvr\u0165 byla postavena na jednom z nejkr\u00e1sn\u011bj\u0161\u00edch m\u00edst ve m\u011bst\u011b, vysoko nad Labem a naproti star\u00e9mu m\u011bstu Pirna. <\/p>\n\n<a href=\"https:\/\/sep-pirna.de\/wp-content\/uploads\/2025\/05\/Endversion_klein.pdf\" target=\"_blank\" rel=\"noopener\"> V\u00edce informac\u00ed <\/a>","_links":{"self":[{"href":"https:\/\/sep-pirna.de\/cs\/wp-json\/wp\/v2\/pages\/3430","targetHints":{"allow":["GET"]}}],"collection":[{"href":"https:\/\/sep-pirna.de\/cs\/wp-json\/wp\/v2\/pages"}],"about":[{"href":"https:\/\/sep-pirna.de\/cs\/wp-json\/wp\/v2\/types\/page"}],"author":[{"embeddable":true,"href":"https:\/\/sep-pirna.de\/cs\/wp-json\/wp\/v2\/users\/1"}],"replies":[{"embeddable":true,"href":"https:\/\/sep-pirna.de\/cs\/wp-json\/wp\/v2\/comments?post=3430"}],"version-history":[{"count":10,"href":"https:\/\/sep-pirna.de\/cs\/wp-json\/wp\/v2\/pages\/3430\/revisions"}],"predecessor-version":[{"id":4051,"href":"https:\/\/sep-pirna.de\/cs\/wp-json\/wp\/v2\/pages\/3430\/revisions\/4051"}],"up":[{"embeddable":true,"href":"https:\/\/sep-pirna.de\/cs\/wp-json\/wp\/v2\/pages\/3439"}],"wp:attachment":[{"href":"https:\/\/sep-pirna.de\/cs\/wp-json\/wp\/v2\/media?parent=3430"}],"curies":[{"name":"wp","href":"https:\/\/api.w.org\/{rel}","templated":true}]}}